{"id":342859,"date":"2024-10-31T10:37:04","date_gmt":"2024-10-31T09:37:04","guid":{"rendered":"https:\/\/www.arclite-shop.de\/produkt\/73-28001699\/"},"modified":"2026-04-18T16:56:47","modified_gmt":"2026-04-18T14:56:47","slug":"73-28001699","status":"publish","type":"product","link":"https:\/\/www.arclite-shop.de\/en\/produkt\/73-28001699\/","title":{"rendered":"TRIDONIC Strain Relief Set ACU SC 30x43x30mm CLIP-ON SR PA 28001699"},"content":{"rendered":"<p>Optionales Zugentlastungsset f\u00fcr unabh\u00e4ngige Anwendung, Erweitert den LED-Treiber in einen vollen Klasse II kompatiblen LED-Treiber (z. B. f\u00fcr Deckeninstallation), Leichte und werkzeuglose Montage am LED-Treiber, schraubenlose Kabelklemmkan\u00e4le f\u00fcr lange Zugentlastung (30 x 43 x 30 mm), Mit Schrauben f\u00fcr kurze Zugentlastung (15 x 34 x 30 mm), Gesamtl\u00e4nge = L\u00e4nge L (LED-Treiber) + 2 x 30 mm (lange Zugentlastung), 2 x 15 mm (kurze Zugentalstung) oder lange und kurze Zugentlastung beliebig kombinierbar, Standard SC (L = 30 mm) erh\u00e4ltlich als nicht-vormontiert und vormontiert (PA = pre-assembled), Kurze SC (L = 15 mm) nur vormontiert erh\u00e4ltlich<\/p>\n","protected":false},"excerpt":{"rendered":"<p>Optionales Zugentlastungsset f\u00fcr unabh\u00e4ngige Anwendung, Erweitert den LED-Treiber in einen vollen Klasse II kompatiblen LED-Treiber (z. B. f\u00fcr Deckeninstallation), Leichte und werkzeuglose Montage am LED-Treiber, schraubenlose Kabelklemmkan\u00e4le f\u00fcr lange Zugentlastung (30 x 43 x 30 mm), Mit Schrauben f\u00fcr kurze<span class=\"excerpt-hellip\"> [\u2026]<\/span><\/p>\n","protected":false},"featured_media":368472,"template":"","meta":[],"product_brand":[],"product_cat":[84899],"product_tag":[],"class_list":{"0":"post-342859","1":"product","2":"type-product","3":"status-publish","4":"has-post-thumbnail","6":"product_cat-zubehoer-ersatzteile-fuer-led-betriebsgeraete-und-module","8":"first","9":"instock","10":"taxable","11":"shipping-taxable","12":"product-type-simple"},"_links":{"self":[{"href":"https:\/\/www.arclite-shop.de\/en\/wp-json\/wp\/v2\/product\/342859","targetHints":{"allow":["GET"]}}],"collection":[{"href":"https:\/\/www.arclite-shop.de\/en\/wp-json\/wp\/v2\/product"}],"about":[{"href":"https:\/\/www.arclite-shop.de\/en\/wp-json\/wp\/v2\/types\/product"}],"wp:featuredmedia":[{"embeddable":true,"href":"https:\/\/www.arclite-shop.de\/en\/wp-json\/wp\/v2\/media\/368472"}],"wp:attachment":[{"href":"https:\/\/www.arclite-shop.de\/en\/wp-json\/wp\/v2\/media?parent=342859"}],"wp:term":[{"taxonomy":"product_brand","embeddable":true,"href":"https:\/\/www.arclite-shop.de\/en\/wp-json\/wp\/v2\/product_brand?post=342859"},{"taxonomy":"product_cat","embeddable":true,"href":"https:\/\/www.arclite-shop.de\/en\/wp-json\/wp\/v2\/product_cat?post=342859"},{"taxonomy":"product_tag","embeddable":true,"href":"https:\/\/www.arclite-shop.de\/en\/wp-json\/wp\/v2\/product_tag?post=342859"}],"curies":[{"name":"wp","href":"https:\/\/api.w.org\/{rel}","templated":true}]}}