{"id":342745,"date":"2024-10-31T10:36:00","date_gmt":"2024-10-31T09:36:00","guid":{"rendered":"https:\/\/www.arclite-shop.de\/produkt\/73-89800641\/"},"modified":"2026-04-18T16:59:51","modified_gmt":"2026-04-18T14:59:51","slug":"73-89800641","status":"publish","type":"product","link":"https:\/\/www.arclite-shop.de\/en\/produkt\/73-89800641\/","title":{"rendered":"TRIDONIC EM converterLED PRO 30 emergency lighting control unitMH\/LiFePO4 50V 89800641"},"content":{"rendered":"<p>Einzelbatterieversorgter Notlicht-LED-Treiber mit DALI-Schnittstelle und automatischer Testfunktion, F\u00fcr LED-Module mit einer Vorw\u00e4rtsspannung von 10 \u2013 54 V, F\u00fcr Leuchteneinbau, Nominale Lebensdauer bis zu 100.000 h, 5 Jahre Garantie, Bereitschaftsbetrieb, SELV f\u00fcr Ausgangsspannung &lt; 60 V DC, Integrierte DALI-Busspannungsversorgung, 1, 2 oder 3 h Bemessungsbetriebsdauer mit Duration Link w\u00e4hlbar, Kompatibel mit den meisten Konstantstrom-LED-Treibern (siehe Datenblatt, Kompatibilit\u00e4t mit LED-Treiber), 3-Pol-Technologie: 2-polige Umschaltung des LED-Moduls und verz\u00f6gerte Netzzuschaltung f\u00fcr den LED-Treiber, Konstante Ausgangsleistung, Zweifarbige LED zur Statusanzeige, Black Box-Datenaufzeichnung, DALI-Schnittstelle f\u00fcr kontrollierte Pr\u00fcfungen und \u00dcberwachung, Nahfeld-Kommunikation (NFC), {nobullet} NiMH\/LiFePO4:, Intelligentes Ladesystem, Tiefentladeschutz, Verpolungsschutz f\u00fcr Akku mittels polarisierter Steckverbindung, Automatische Detektion des angeschlossenen Akkus (NiMH oder LiFePO4-Akkus), {nobullet} LiFePO4:, Tridonic LiFeGuard sorgt f\u00fcr Betriebssicherheit (siehe Datenblatt, Sicherheit LiFePO4), Temperaturschutz, NiMH oder LiFePO4-Akkus, NiMH: 4 Jahre erwartete Lebensdauer \/ 1 Jahr Garantie, LiFePO4: 4 \u2013 8 Jahre erwartete Lebensdauer \/ 3 Jahre Garantie, F\u00fcr Akkukompatibilit\u00e4t siehe Datenblatt, Auswahl Akku<\/p>\n","protected":false},"excerpt":{"rendered":"<p>Einzelbatterieversorgter Notlicht-LED-Treiber mit DALI-Schnittstelle und automatischer Testfunktion, F\u00fcr LED-Module mit einer Vorw\u00e4rtsspannung von 10 \u2013 54 V, F\u00fcr Leuchteneinbau, Nominale Lebensdauer bis zu 100.000 h, 5 Jahre Garantie, Bereitschaftsbetrieb, SELV f\u00fcr Ausgangsspannung &lt; 60 V DC, Integrierte DALI-Busspannungsversorgung, 1, 2<span class=\"excerpt-hellip\"> [\u2026]<\/span><\/p>\n","protected":false},"featured_media":368504,"template":"","meta":[],"product_brand":[],"product_cat":[85190],"product_tag":[],"class_list":{"0":"post-342745","1":"product","2":"type-product","3":"status-publish","4":"has-post-thumbnail","6":"product_cat-notlichtversorgungszentrale","8":"first","9":"instock","10":"taxable","11":"shipping-taxable","12":"product-type-simple"},"_links":{"self":[{"href":"https:\/\/www.arclite-shop.de\/en\/wp-json\/wp\/v2\/product\/342745","targetHints":{"allow":["GET"]}}],"collection":[{"href":"https:\/\/www.arclite-shop.de\/en\/wp-json\/wp\/v2\/product"}],"about":[{"href":"https:\/\/www.arclite-shop.de\/en\/wp-json\/wp\/v2\/types\/product"}],"wp:featuredmedia":[{"embeddable":true,"href":"https:\/\/www.arclite-shop.de\/en\/wp-json\/wp\/v2\/media\/368504"}],"wp:attachment":[{"href":"https:\/\/www.arclite-shop.de\/en\/wp-json\/wp\/v2\/media?parent=342745"}],"wp:term":[{"taxonomy":"product_brand","embeddable":true,"href":"https:\/\/www.arclite-shop.de\/en\/wp-json\/wp\/v2\/product_brand?post=342745"},{"taxonomy":"product_cat","embeddable":true,"href":"https:\/\/www.arclite-shop.de\/en\/wp-json\/wp\/v2\/product_cat?post=342745"},{"taxonomy":"product_tag","embeddable":true,"href":"https:\/\/www.arclite-shop.de\/en\/wp-json\/wp\/v2\/product_tag?post=342745"}],"curies":[{"name":"wp","href":"https:\/\/api.w.org\/{rel}","templated":true}]}}