{"id":342728,"date":"2024-10-31T10:35:50","date_gmt":"2024-10-31T09:35:50","guid":{"rendered":"https:\/\/www.arclite-shop.de\/produkt\/73-89800678\/"},"modified":"2026-04-18T17:00:24","modified_gmt":"2026-04-18T15:00:24","slug":"73-89800678","status":"publish","type":"product","link":"https:\/\/www.arclite-shop.de\/en\/produkt\/73-89800678\/","title":{"rendered":"TRIDONIC EM converterLED BASIC 20 Emergency Lighting Control ModuleNiCd 50V KIT 89800678"},"content":{"rendered":"<p>Kit mit Notlicht-LED-Treiber, Akku f\u00fcr 3 Stunden-Betrieb und Status-LED, F\u00fcr einzelbatterieversorgte Notbeleuchtung, F\u00fcr LED-Module mit einer Vorw\u00e4rtsspannung von 10 \u2013 54 V, SELV f\u00fcr Ausgangsspannung &lt; 60 V DC, \u201eLow profile\u201c-Geh\u00e4use (21 x 30 mm Querschnitt), F\u00fcr Leuchteneinbau, 5 Jahre Garantie, Bereitschaftsbetrieb, 3 h Bemessungsbetriebsdauer, Kompatibel mit allen dimmbaren und nicht dimmbaren Konstantstrom LED-Treibern (siehe Datenblatt, Kompatibilit\u00e4t mit LED-Treiber), 3-Pol-Technologie: 2-polige Umschaltung des LED-Moduls und verz\u00f6gerte Netzzuschaltung f\u00fcr den LED-Treiber, Automatische Abschaltung des Ausgangs, wenn sich die LED-Last au\u00dferhalb des zul\u00e4ssigen Bereichs befindet, Konstante Ausgangsleistung, Maximale Lichtleistung f\u00fcr alle LED-Module, Elektronisches Ladesystem, Tiefentladeschutz, Kurzschlussfester Akku-Anschluss, Verpolungsschutz f\u00fcr Akku, Hochtemperaturzellen, NiCd-Akkus, D-Zellen, 4 Jahre erwartete Lebensdauer, 1 Jahr Garantie<\/p>\n","protected":false},"excerpt":{"rendered":"<p>Kit mit Notlicht-LED-Treiber, Akku f\u00fcr 3 Stunden-Betrieb und Status-LED, F\u00fcr einzelbatterieversorgte Notbeleuchtung, F\u00fcr LED-Module mit einer Vorw\u00e4rtsspannung von 10 \u2013 54 V, SELV f\u00fcr Ausgangsspannung &lt; 60 V DC, \u201eLow profile\u201c-Geh\u00e4use (21 x 30 mm Querschnitt), F\u00fcr Leuchteneinbau, 5 Jahre<span class=\"excerpt-hellip\"> [\u2026]<\/span><\/p>\n","protected":false},"featured_media":368512,"template":"","meta":[],"product_brand":[],"product_cat":[85190],"product_tag":[],"class_list":{"0":"post-342728","1":"product","2":"type-product","3":"status-publish","4":"has-post-thumbnail","6":"product_cat-notlichtversorgungszentrale","8":"first","9":"instock","10":"taxable","11":"shipping-taxable","12":"product-type-simple"},"_links":{"self":[{"href":"https:\/\/www.arclite-shop.de\/en\/wp-json\/wp\/v2\/product\/342728","targetHints":{"allow":["GET"]}}],"collection":[{"href":"https:\/\/www.arclite-shop.de\/en\/wp-json\/wp\/v2\/product"}],"about":[{"href":"https:\/\/www.arclite-shop.de\/en\/wp-json\/wp\/v2\/types\/product"}],"wp:featuredmedia":[{"embeddable":true,"href":"https:\/\/www.arclite-shop.de\/en\/wp-json\/wp\/v2\/media\/368512"}],"wp:attachment":[{"href":"https:\/\/www.arclite-shop.de\/en\/wp-json\/wp\/v2\/media?parent=342728"}],"wp:term":[{"taxonomy":"product_brand","embeddable":true,"href":"https:\/\/www.arclite-shop.de\/en\/wp-json\/wp\/v2\/product_brand?post=342728"},{"taxonomy":"product_cat","embeddable":true,"href":"https:\/\/www.arclite-shop.de\/en\/wp-json\/wp\/v2\/product_cat?post=342728"},{"taxonomy":"product_tag","embeddable":true,"href":"https:\/\/www.arclite-shop.de\/en\/wp-json\/wp\/v2\/product_tag?post=342728"}],"curies":[{"name":"wp","href":"https:\/\/api.w.org\/{rel}","templated":true}]}}