{"id":342727,"date":"2024-10-31T10:35:49","date_gmt":"2024-10-31T09:35:49","guid":{"rendered":"https:\/\/www.arclite-shop.de\/produkt\/73-89800639\/"},"modified":"2026-04-18T17:00:29","modified_gmt":"2026-04-18T15:00:29","slug":"73-89800639","status":"publish","type":"product","link":"https:\/\/www.arclite-shop.de\/en\/produkt\/73-89800639\/","title":{"rendered":"TRIDONIC EM converterLED emergency lighting control unit  O 205 MH\/LiFePO4 250V 89800639"},"content":{"rendered":"<p>Notlicht-LED-Treiber mit DALI-Interface und automatischer Testfunktion, F\u00fcr einzelbatterieversorgte Notbeleuchtung, F\u00fcr LED-Module mit einer Vorw\u00e4rtsspannung von 50 \u2013 250 V, \u201eLow profile\u201c-Geh\u00e4use (21 x 30 mm Querschnitt), F\u00fcr Leuchteneinbau, Nominale Lebensdauer bis zu 100.000 h, 5 Jahre Garantie, Bereitschaftsbetrieb, DALI-Schnittstelle f\u00fcr kontrollierte Pr\u00fcfungen und \u00dcberwachung, 1, 2 oder 3 h Bemessungsbetriebsdauer, Betriebsdauer mit Stecker (Duration Link) w\u00e4hlbar, Kompatibel mit den meisten Konstantstrom-LED-Treibern (siehe Datenblatt, Kompatibilit\u00e4t mit LED-Treiber), 3-Pol-Technologie: 2-polige Umschaltung des LED-Moduls und verz\u00f6gerte Netzzuschaltung f\u00fcr den LED-Treiber, Automatische Abschaltung des Ausgangs, wenn sich die LED-Last au\u00dferhalb des zul\u00e4ssigen Bereichs befindet, Konstante Ausgangsleistung, Zweifarbige LED zur Statusanzeige, Elektronisches Ladesystem, Tiefentladeschutz, Kurzschlussfester Akku-Anschluss, Verpolungsschutz f\u00fcr Akku mittels 3-Pol-Steckverbindung, Automatische Detektion des angeschlossenen Akkus (NiMH oder LiFePO4-Akkus), {nobullet} Selbsttest:, Zustand des Akkus, Zustand der LED, Funktionstest, Betriebsdauertest, Hochtemperaturzellen, NiMH oder LiFePO4-Akkus, LA oder 18650-Zellen, 4 Jahre erwartete Lebensdauer f\u00fcr NiMH-Akkus, 1 Jahr Garantie f\u00fcr NiMH-Akkus, 4 \u2013 8 Jahre erwartete Lebensdauer f\u00fcr LiFePO4-Akkus, 3 Jahr Garantie f\u00fcr LiFePO4-Akkus, F\u00fcr Akkukompatibilit\u00e4t siehe Datenblatt, Auswahl Akku<\/p>\n","protected":false},"excerpt":{"rendered":"<p>Notlicht-LED-Treiber mit DALI-Interface und automatischer Testfunktion, F\u00fcr einzelbatterieversorgte Notbeleuchtung, F\u00fcr LED-Module mit einer Vorw\u00e4rtsspannung von 50 \u2013 250 V, \u201eLow profile\u201c-Geh\u00e4use (21 x 30 mm Querschnitt), F\u00fcr Leuchteneinbau, Nominale Lebensdauer bis zu 100.000 h, 5 Jahre Garantie, Bereitschaftsbetrieb, DALI-Schnittstelle f\u00fcr<span class=\"excerpt-hellip\"> [\u2026]<\/span><\/p>\n","protected":false},"featured_media":368508,"template":"","meta":[],"product_brand":[],"product_cat":[85190],"product_tag":[],"class_list":{"0":"post-342727","1":"product","2":"type-product","3":"status-publish","4":"has-post-thumbnail","6":"product_cat-notlichtversorgungszentrale","8":"first","9":"instock","10":"taxable","11":"shipping-taxable","12":"product-type-simple"},"_links":{"self":[{"href":"https:\/\/www.arclite-shop.de\/en\/wp-json\/wp\/v2\/product\/342727","targetHints":{"allow":["GET"]}}],"collection":[{"href":"https:\/\/www.arclite-shop.de\/en\/wp-json\/wp\/v2\/product"}],"about":[{"href":"https:\/\/www.arclite-shop.de\/en\/wp-json\/wp\/v2\/types\/product"}],"wp:featuredmedia":[{"embeddable":true,"href":"https:\/\/www.arclite-shop.de\/en\/wp-json\/wp\/v2\/media\/368508"}],"wp:attachment":[{"href":"https:\/\/www.arclite-shop.de\/en\/wp-json\/wp\/v2\/media?parent=342727"}],"wp:term":[{"taxonomy":"product_brand","embeddable":true,"href":"https:\/\/www.arclite-shop.de\/en\/wp-json\/wp\/v2\/product_brand?post=342727"},{"taxonomy":"product_cat","embeddable":true,"href":"https:\/\/www.arclite-shop.de\/en\/wp-json\/wp\/v2\/product_cat?post=342727"},{"taxonomy":"product_tag","embeddable":true,"href":"https:\/\/www.arclite-shop.de\/en\/wp-json\/wp\/v2\/product_tag?post=342727"}],"curies":[{"name":"wp","href":"https:\/\/api.w.org\/{rel}","templated":true}]}}