{"id":342673,"date":"2024-10-31T10:35:19","date_gmt":"2024-10-31T09:35:19","guid":{"rendered":"https:\/\/www.arclite-shop.de\/produkt\/73-89800112\/"},"modified":"2026-04-18T17:02:50","modified_gmt":"2026-04-18T15:02:50","slug":"73-89800112","status":"publish","type":"product","link":"https:\/\/www.arclite-shop.de\/en\/produkt\/73-89800112\/","title":{"rendered":"TRIDONIC EM powerLED NM 1W BASIC 89800112 emergency lighting control gear"},"content":{"rendered":"<p>Notlicht-LED-Treiber f\u00fcr manuellen Test, F\u00fcr einzelbatterieversorgte Notbeleuchtung, Bereitschaftsbetrieb, SELV f\u00fcr Ausgangsspannung &lt; 60 V DC, \u201eLow profile\u201c-Geh\u00e4use (21 x 30 mm Querschnitt), 5 Jahre Garantie, Konstantstrombetrieb, Wahlweise mit Schraubbefestigung oder Steckbefestigung (Clip-fix), 3 h Bemessungsbetriebsdauer, Gr\u00fcne LED zur Ladestatusanzeige, Elektronisches Ladesystem, SELV-klassifiziert (Ausg\u00e4nge powerLED, Akku, Status-LED, Pr\u00fcftaster), Verpolungsschutz f\u00fcr Akku, Tiefentladeschutz, Sehr geringer Energieverbrauch des Akkus nach Ansprechen des Tiefentladeschutzes, Kurzschlussfester Akku-Anschluss, Notlicht-LED verf\u00fcgbar, Optionaler Pr\u00fcftaster, Hochtemperaturzellen, NiMH-Akkus, Cs-Zellen, 4 Jahre erwartete Lebensdauer, 1 Jahr Garantie, F\u00fcr Akkukompatibilit\u00e4t siehe Datenblatt<\/p>\n","protected":false},"excerpt":{"rendered":"<p>Notlicht-LED-Treiber f\u00fcr manuellen Test, F\u00fcr einzelbatterieversorgte Notbeleuchtung, Bereitschaftsbetrieb, SELV f\u00fcr Ausgangsspannung &lt; 60 V DC, \u201eLow profile\u201c-Geh\u00e4use (21 x 30 mm Querschnitt), 5 Jahre Garantie, Konstantstrombetrieb, Wahlweise mit Schraubbefestigung oder Steckbefestigung (Clip-fix), 3 h Bemessungsbetriebsdauer, Gr\u00fcne LED zur Ladestatusanzeige, Elektronisches<span class=\"excerpt-hellip\"> [\u2026]<\/span><\/p>\n","protected":false},"featured_media":368531,"template":"","meta":[],"product_brand":[],"product_cat":[85190],"product_tag":[],"class_list":{"0":"post-342673","1":"product","2":"type-product","3":"status-publish","4":"has-post-thumbnail","6":"product_cat-notlichtversorgungszentrale","8":"first","9":"instock","10":"taxable","11":"shipping-taxable","12":"product-type-simple"},"_links":{"self":[{"href":"https:\/\/www.arclite-shop.de\/en\/wp-json\/wp\/v2\/product\/342673","targetHints":{"allow":["GET"]}}],"collection":[{"href":"https:\/\/www.arclite-shop.de\/en\/wp-json\/wp\/v2\/product"}],"about":[{"href":"https:\/\/www.arclite-shop.de\/en\/wp-json\/wp\/v2\/types\/product"}],"wp:featuredmedia":[{"embeddable":true,"href":"https:\/\/www.arclite-shop.de\/en\/wp-json\/wp\/v2\/media\/368531"}],"wp:attachment":[{"href":"https:\/\/www.arclite-shop.de\/en\/wp-json\/wp\/v2\/media?parent=342673"}],"wp:term":[{"taxonomy":"product_brand","embeddable":true,"href":"https:\/\/www.arclite-shop.de\/en\/wp-json\/wp\/v2\/product_brand?post=342673"},{"taxonomy":"product_cat","embeddable":true,"href":"https:\/\/www.arclite-shop.de\/en\/wp-json\/wp\/v2\/product_cat?post=342673"},{"taxonomy":"product_tag","embeddable":true,"href":"https:\/\/www.arclite-shop.de\/en\/wp-json\/wp\/v2\/product_tag?post=342673"}],"curies":[{"name":"wp","href":"https:\/\/api.w.org\/{rel}","templated":true}]}}