{"id":342669,"date":"2024-10-31T10:35:18","date_gmt":"2024-10-31T09:35:18","guid":{"rendered":"https:\/\/www.arclite-shop.de\/produkt\/73-89800564\/"},"modified":"2026-04-18T17:02:51","modified_gmt":"2026-04-18T15:02:51","slug":"73-89800564","status":"publish","type":"product","link":"https:\/\/www.arclite-shop.de\/en\/produkt\/73-89800564\/","title":{"rendered":"TRIDONIC EM converterLED BASIC 20 Emergency Lighting Control ModuleNiCd\/NiMH 250V 89800564"},"content":{"rendered":"<p>Notlicht-LED-Treiber f\u00fcr manuellen Test, F\u00fcr einzelbatterieversorgte Notbeleuchtung, F\u00fcr LED-Module mit einer Vorw\u00e4rtsspannung von 50 \u2013 250 V, \u201eLow profile\u201c-Querschnitt (21 x 30 mm), F\u00fcr Leuchteneinbau, Nominale Lebensdauer bis zu 100.000 h, 5 Jahre Garantie, Bereitschaftsbetrieb, 1 oder 3 h Bemessungsbetriebsdauer, Betriebsdauer mit Stecker (Duration Link) w\u00e4hlbar, Kompatibel mit allen dimmbaren und nicht dimmbaren Konstantstrom LED-Treibern (siehe Datenblatt, Kompatibilit\u00e4t mit LED-Treiber), 3-Pol-Technologie: 2-polige Umschaltung des LED-Moduls und verz\u00f6gerte Netzzuschaltung f\u00fcr den LED-Treiber, Automatische Abschaltung des Ausgangs, wenn sich die LED-Last au\u00dferhalb des zul\u00e4ssigen Bereichs befindet, Konstante Ausgangsleistung, Maximale Lichtleistung f\u00fcr alle LED-Module, Elektronisches Ladesystem, Tiefentladeschutz, Kurzschlussfester Akku-Anschluss, Verpolungsschutz f\u00fcr Akku, Hochtemperaturzellen, NiCd- oder NiMH-Akkus, D-, Cs- oder LA-Zellen, 4 Jahre erwartete Lebensdauer, 1 Jahr Garantie, F\u00fcr Akkukompatibilit\u00e4t siehe Datenblatt<\/p>\n","protected":false},"excerpt":{"rendered":"<p>Notlicht-LED-Treiber f\u00fcr manuellen Test, F\u00fcr einzelbatterieversorgte Notbeleuchtung, F\u00fcr LED-Module mit einer Vorw\u00e4rtsspannung von 50 \u2013 250 V, \u201eLow profile\u201c-Querschnitt (21 x 30 mm), F\u00fcr Leuchteneinbau, Nominale Lebensdauer bis zu 100.000 h, 5 Jahre Garantie, Bereitschaftsbetrieb, 1 oder 3 h Bemessungsbetriebsdauer,<span class=\"excerpt-hellip\"> [\u2026]<\/span><\/p>\n","protected":false},"featured_media":368517,"template":"","meta":[],"product_brand":[],"product_cat":[85190],"product_tag":[],"class_list":{"0":"post-342669","1":"product","2":"type-product","3":"status-publish","4":"has-post-thumbnail","6":"product_cat-notlichtversorgungszentrale","8":"first","9":"instock","10":"taxable","11":"shipping-taxable","12":"product-type-simple"},"_links":{"self":[{"href":"https:\/\/www.arclite-shop.de\/en\/wp-json\/wp\/v2\/product\/342669","targetHints":{"allow":["GET"]}}],"collection":[{"href":"https:\/\/www.arclite-shop.de\/en\/wp-json\/wp\/v2\/product"}],"about":[{"href":"https:\/\/www.arclite-shop.de\/en\/wp-json\/wp\/v2\/types\/product"}],"wp:featuredmedia":[{"embeddable":true,"href":"https:\/\/www.arclite-shop.de\/en\/wp-json\/wp\/v2\/media\/368517"}],"wp:attachment":[{"href":"https:\/\/www.arclite-shop.de\/en\/wp-json\/wp\/v2\/media?parent=342669"}],"wp:term":[{"taxonomy":"product_brand","embeddable":true,"href":"https:\/\/www.arclite-shop.de\/en\/wp-json\/wp\/v2\/product_brand?post=342669"},{"taxonomy":"product_cat","embeddable":true,"href":"https:\/\/www.arclite-shop.de\/en\/wp-json\/wp\/v2\/product_cat?post=342669"},{"taxonomy":"product_tag","embeddable":true,"href":"https:\/\/www.arclite-shop.de\/en\/wp-json\/wp\/v2\/product_tag?post=342669"}],"curies":[{"name":"wp","href":"https:\/\/api.w.org\/{rel}","templated":true}]}}