{"id":342635,"date":"2024-10-31T10:34:57","date_gmt":"2024-10-31T09:34:57","guid":{"rendered":"https:\/\/www.arclite-shop.de\/produkt\/73-87500873\/"},"modified":"2026-04-30T09:10:22","modified_gmt":"2026-04-30T07:10:22","slug":"73-87500873","status":"publish","type":"product","link":"https:\/\/www.arclite-shop.de\/en\/produkt\/73-87500873\/","title":{"rendered":"TRIDONIC DALI-2 Power Supply DALI PS3 87500873"},"content":{"rendered":"<p>DALI-2 Stromversorgung, die 70 mA f\u00fcr DALI-2 Installation zur Verf\u00fcgung stellt, Hervorragende Skalierbarkeit, da Anschluss von bis zu 2 PS3 in einer DALI-2 Installation m\u00f6glich, Kompakter Formfaktor kombiniert mit abnehmbaren Befestigungslaschen erm\u00f6glicht hohe Installationsflexibilit\u00e4t, z. B. in Leuchten, Bis zu 100.000 garantierte Betriebsstunden erm\u00f6glichen herausragende Lebensdauer des gesamten Leuchtensystems, 5 Jahre Garantie<\/p>\n","protected":false},"excerpt":{"rendered":"<p>DALI-2 Stromversorgung, die 70 mA f\u00fcr DALI-2 Installation zur Verf\u00fcgung stellt, Hervorragende Skalierbarkeit, da Anschluss von bis zu 2 PS3 in einer DALI-2 Installation m\u00f6glich, Kompakter Formfaktor kombiniert mit abnehmbaren Befestigungslaschen erm\u00f6glicht hohe Installationsflexibilit\u00e4t, z. B. in Leuchten, Bis zu<span class=\"excerpt-hellip\"> [\u2026]<\/span><\/p>\n","protected":false},"featured_media":368561,"template":"","meta":[],"product_brand":[],"product_cat":[85166],"product_tag":[],"class_list":{"0":"post-342635","1":"product","2":"type-product","3":"status-publish","4":"has-post-thumbnail","6":"product_cat-allstromversorgung","8":"first","9":"instock","10":"taxable","11":"shipping-taxable","12":"product-type-simple"},"_links":{"self":[{"href":"https:\/\/www.arclite-shop.de\/en\/wp-json\/wp\/v2\/product\/342635","targetHints":{"allow":["GET"]}}],"collection":[{"href":"https:\/\/www.arclite-shop.de\/en\/wp-json\/wp\/v2\/product"}],"about":[{"href":"https:\/\/www.arclite-shop.de\/en\/wp-json\/wp\/v2\/types\/product"}],"wp:featuredmedia":[{"embeddable":true,"href":"https:\/\/www.arclite-shop.de\/en\/wp-json\/wp\/v2\/media\/368561"}],"wp:attachment":[{"href":"https:\/\/www.arclite-shop.de\/en\/wp-json\/wp\/v2\/media?parent=342635"}],"wp:term":[{"taxonomy":"product_brand","embeddable":true,"href":"https:\/\/www.arclite-shop.de\/en\/wp-json\/wp\/v2\/product_brand?post=342635"},{"taxonomy":"product_cat","embeddable":true,"href":"https:\/\/www.arclite-shop.de\/en\/wp-json\/wp\/v2\/product_cat?post=342635"},{"taxonomy":"product_tag","embeddable":true,"href":"https:\/\/www.arclite-shop.de\/en\/wp-json\/wp\/v2\/product_tag?post=342635"}],"curies":[{"name":"wp","href":"https:\/\/api.w.org\/{rel}","templated":true}]}}