{"id":342633,"date":"2024-10-31T10:34:55","date_gmt":"2024-10-31T09:34:55","guid":{"rendered":"https:\/\/www.arclite-shop.de\/produkt\/73-87500872\/"},"modified":"2026-04-18T17:03:52","modified_gmt":"2026-04-18T15:03:52","slug":"73-87500872","status":"publish","type":"product","link":"https:\/\/www.arclite-shop.de\/en\/produkt\/73-87500872\/","title":{"rendered":"TRIDONIC SELV power supply basicDIM IPS 87500872"},"content":{"rendered":"<p>Erstes Tridonic SELV-Produkt f\u00fcr Kontrollapplikationen, Zur Versorgung von Sensoren, kabellosen Steuerungen und anderen Kommunikationsschnittstellen mit bis zu 70 mA, Kompakter Formfaktor kombiniert mit abnehmbaren Befestigungslaschen erm\u00f6glicht hohe Installationsflexibilit\u00e4t, z. B. in Leuchten, Hervorragende Skalierbarkeit da Anschluss von bis zu 2 IPS in einer Kontrollapplikation m\u00f6glich, 4 Steuerklemmen erm\u00f6glichen flexible Verwendung weiterer Steuerger\u00e4te, Bis zu 100.000 garantierte Betriebsstunden erm\u00f6glichen herausragende Lebensdauer des gesamten Leuchtensystems, 5 Jahre Garantie<\/p>\n","protected":false},"excerpt":{"rendered":"<p>Erstes Tridonic SELV-Produkt f\u00fcr Kontrollapplikationen, Zur Versorgung von Sensoren, kabellosen Steuerungen und anderen Kommunikationsschnittstellen mit bis zu 70 mA, Kompakter Formfaktor kombiniert mit abnehmbaren Befestigungslaschen erm\u00f6glicht hohe Installationsflexibilit\u00e4t, z. B. in Leuchten, Hervorragende Skalierbarkeit da Anschluss von bis zu 2<span class=\"excerpt-hellip\"> [\u2026]<\/span><\/p>\n","protected":false},"featured_media":368563,"template":"","meta":[],"product_brand":[],"product_cat":[85166],"product_tag":[],"class_list":{"0":"post-342633","1":"product","2":"type-product","3":"status-publish","4":"has-post-thumbnail","6":"product_cat-allstromversorgung","8":"first","9":"instock","10":"taxable","11":"shipping-taxable","12":"product-type-simple"},"_links":{"self":[{"href":"https:\/\/www.arclite-shop.de\/en\/wp-json\/wp\/v2\/product\/342633","targetHints":{"allow":["GET"]}}],"collection":[{"href":"https:\/\/www.arclite-shop.de\/en\/wp-json\/wp\/v2\/product"}],"about":[{"href":"https:\/\/www.arclite-shop.de\/en\/wp-json\/wp\/v2\/types\/product"}],"wp:featuredmedia":[{"embeddable":true,"href":"https:\/\/www.arclite-shop.de\/en\/wp-json\/wp\/v2\/media\/368563"}],"wp:attachment":[{"href":"https:\/\/www.arclite-shop.de\/en\/wp-json\/wp\/v2\/media?parent=342633"}],"wp:term":[{"taxonomy":"product_brand","embeddable":true,"href":"https:\/\/www.arclite-shop.de\/en\/wp-json\/wp\/v2\/product_brand?post=342633"},{"taxonomy":"product_cat","embeddable":true,"href":"https:\/\/www.arclite-shop.de\/en\/wp-json\/wp\/v2\/product_cat?post=342633"},{"taxonomy":"product_tag","embeddable":true,"href":"https:\/\/www.arclite-shop.de\/en\/wp-json\/wp\/v2\/product_tag?post=342633"}],"curies":[{"name":"wp","href":"https:\/\/api.w.org\/{rel}","templated":true}]}}