{"id":342606,"date":"2024-10-31T10:34:40","date_gmt":"2024-10-31T09:34:40","guid":{"rendered":"https:\/\/www.arclite-shop.de\/produkt\/73-28003310\/"},"modified":"2026-04-18T17:04:47","modified_gmt":"2026-04-18T15:04:47","slug":"73-28003310","status":"publish","type":"product","link":"https:\/\/www.arclite-shop.de\/en\/produkt\/73-28003310\/","title":{"rendered":"TRIDONIC Light Sensor for Street Lighting PCell SSI 31 PC DA2 SA 28003310"},"content":{"rendered":"<p>\u00dcberwachung des Umgebungslichts f\u00fcr eigenst\u00e4ndige und vernetzte Anwendungen, Bereit f\u00fcr Zhaga Buch 18 Ed. 2 Anschlussbuchse f\u00fcr einfache und flexible Montage an der Leuchte, Erm\u00f6glicht genaue Lichtmessungen zwischen 0, 2 und 20.000 Lux, Konzipiert f\u00fcr die Montage auf der Ober- oder Unterseite der Leuchte, 5 Jahre Garantie (bis zu 8 Jahre Garantie in Kombination mit Tridonic LED-Treiber PRE3), Lebensdauer bis zu 100.000 h bei tc = 60 \u00b0C, Geh\u00e4use: Kunststoff, grau, Linse: Kunststoff, rauchgrau, Schutzart bis zu IP66, Sto\u00dffestigkeitsgrad = IK09, Innovativ: Entwickelt f\u00fcr Outdoor PRE3 D4i LED-Treiber von Tridonic, einfache Inbetriebnahme f\u00fcr Standalone-Anwendungen \u00fcber sensorMODE, Plug &amp; Play-Schnittstelle, Flexibel: R\u00fcsten Sie Ihre D4i-Leuchte so auf, dass sie nach dem Umgebungslichtwert ein- und ausgeschaltet wird oder lassen Sie die chronoSTEP3-Profile aktivieren, Zuverl\u00e4ssig: F\u00fcr h\u00f6chste Outdoor-Anforderungen getestet, Ideal f\u00fcr Standalone-Stra\u00dfenlampenanwendungen in Kombination mit Tridonic Outdoor PRE3 D4i LED-Treibern mit sensorMODE. Erm\u00f6glicht innovative u. problemlose Au\u00dfenbeleuchtungsanwendungen, die die Lichtverschmutzung reduzieren u. gleichzeitig Energie sparen<\/p>\n","protected":false},"excerpt":{"rendered":"<p>\u00dcberwachung des Umgebungslichts f\u00fcr eigenst\u00e4ndige und vernetzte Anwendungen, Bereit f\u00fcr Zhaga Buch 18 Ed. 2 Anschlussbuchse f\u00fcr einfache und flexible Montage an der Leuchte, Erm\u00f6glicht genaue Lichtmessungen zwischen 0, 2 und 20.000 Lux, Konzipiert f\u00fcr die Montage auf der Ober-<span class=\"excerpt-hellip\"> [\u2026]<\/span><\/p>\n","protected":false},"featured_media":368609,"template":"","meta":[],"product_brand":[],"product_cat":[84959],"product_tag":[],"class_list":{"0":"post-342606","1":"product","2":"type-product","3":"status-publish","4":"has-post-thumbnail","6":"product_cat-lichtregelsystemkomponente","8":"first","9":"instock","10":"taxable","11":"shipping-taxable","12":"product-type-simple"},"_links":{"self":[{"href":"https:\/\/www.arclite-shop.de\/en\/wp-json\/wp\/v2\/product\/342606","targetHints":{"allow":["GET"]}}],"collection":[{"href":"https:\/\/www.arclite-shop.de\/en\/wp-json\/wp\/v2\/product"}],"about":[{"href":"https:\/\/www.arclite-shop.de\/en\/wp-json\/wp\/v2\/types\/product"}],"wp:featuredmedia":[{"embeddable":true,"href":"https:\/\/www.arclite-shop.de\/en\/wp-json\/wp\/v2\/media\/368609"}],"wp:attachment":[{"href":"https:\/\/www.arclite-shop.de\/en\/wp-json\/wp\/v2\/media?parent=342606"}],"wp:term":[{"taxonomy":"product_brand","embeddable":true,"href":"https:\/\/www.arclite-shop.de\/en\/wp-json\/wp\/v2\/product_brand?post=342606"},{"taxonomy":"product_cat","embeddable":true,"href":"https:\/\/www.arclite-shop.de\/en\/wp-json\/wp\/v2\/product_cat?post=342606"},{"taxonomy":"product_tag","embeddable":true,"href":"https:\/\/www.arclite-shop.de\/en\/wp-json\/wp\/v2\/product_tag?post=342606"}],"curies":[{"name":"wp","href":"https:\/\/api.w.org\/{rel}","templated":true}]}}