{"id":342600,"date":"2024-10-31T10:34:36","date_gmt":"2024-10-31T09:34:36","guid":{"rendered":"https:\/\/www.arclite-shop.de\/produkt\/73-28002647\/"},"modified":"2026-04-18T17:04:53","modified_gmt":"2026-04-18T15:04:53","slug":"73-28002647","status":"publish","type":"product","link":"https:\/\/www.arclite-shop.de\/en\/produkt\/73-28002647\/","title":{"rendered":"TRIDONIC RF Multi Master Controller CIS 30 RF868 DA2 28002647"},"content":{"rendered":"<p>\u00dcberwachung und Steuerung von Leuchten nach dem Standard Zhaga-D4i, Stromversorgung \u00fcber AUX Netzteil gem\u00e4\u00df den Vorgaben der DiiA, Geringer Energieverbrauch durch IPv6\/6LoWPAN-Technologie von Ger\u00e4t zu Ger\u00e4t, Unterst\u00fctzung der 868 MHz Schmalbandfrequenz, F\u00fcr den Einsatz in vollst\u00e4ndig selbstheilenden Netzen mit bis zu 300 Knoten, Schnelle Daten\u00fcbertragungsrate mit bis zu 100 kbps, Integrierte Umgebungslichtmessung, Bereit f\u00fcr Zhaga Buch 18 Ed. 2 Anschlussbuchse f\u00fcr einfache und flexible Montage an der Leuchte, Lebensdauer bis zu 100.000 h bei tc = 72 \u00b0C, 8 Jahre Garantie in Kombination mit Tridonic LED Treiber PRE3 (sonst 5 Jahre Garantie), Geh\u00e4use: Transparent Rauchgrau, Schutzart bis zu IP66, Sto\u00dffestigkeitsgrad = IK09, Innovativ: Erster RF-Multi-Master-Controller basierend auf Zhaga-Schnittstelle mit Paradox IPv6 6LoWPAN Mesh-Technologie, Benutzerfreundlich: Schnelle und einfache Aktualisierung der Konnektivit\u00e4t der Leuchte mit Zhaga Book 18 Ed. 2 Schnittstelle, Zuverl\u00e4ssig: Selbstheilendes Mesh-Netzwerk f\u00fcr einen stabilen und sicheren Betrieb, Sicher: Druckausgleichsmembran zur Bew\u00e4ltigung schneller Temperaturwechsel im Au\u00dfenbereich, Urbane St\u00e4dte mit Fokus auf Stra\u00dfenbeleuchtung mit Zhaga-Schnittstelle zum Aufbau mehrerer Netzwerke<\/p>\n","protected":false},"excerpt":{"rendered":"<p>\u00dcberwachung und Steuerung von Leuchten nach dem Standard Zhaga-D4i, Stromversorgung \u00fcber AUX Netzteil gem\u00e4\u00df den Vorgaben der DiiA, Geringer Energieverbrauch durch IPv6\/6LoWPAN-Technologie von Ger\u00e4t zu Ger\u00e4t, Unterst\u00fctzung der 868 MHz Schmalbandfrequenz, F\u00fcr den Einsatz in vollst\u00e4ndig selbstheilenden Netzen mit bis<span class=\"excerpt-hellip\"> [\u2026]<\/span><\/p>\n","protected":false},"featured_media":368615,"template":"","meta":[],"product_brand":[],"product_cat":[84959],"product_tag":[],"class_list":{"0":"post-342600","1":"product","2":"type-product","3":"status-publish","4":"has-post-thumbnail","6":"product_cat-lichtregelsystemkomponente","8":"first","9":"instock","10":"taxable","11":"shipping-taxable","12":"product-type-simple"},"_links":{"self":[{"href":"https:\/\/www.arclite-shop.de\/en\/wp-json\/wp\/v2\/product\/342600","targetHints":{"allow":["GET"]}}],"collection":[{"href":"https:\/\/www.arclite-shop.de\/en\/wp-json\/wp\/v2\/product"}],"about":[{"href":"https:\/\/www.arclite-shop.de\/en\/wp-json\/wp\/v2\/types\/product"}],"wp:featuredmedia":[{"embeddable":true,"href":"https:\/\/www.arclite-shop.de\/en\/wp-json\/wp\/v2\/media\/368615"}],"wp:attachment":[{"href":"https:\/\/www.arclite-shop.de\/en\/wp-json\/wp\/v2\/media?parent=342600"}],"wp:term":[{"taxonomy":"product_brand","embeddable":true,"href":"https:\/\/www.arclite-shop.de\/en\/wp-json\/wp\/v2\/product_brand?post=342600"},{"taxonomy":"product_cat","embeddable":true,"href":"https:\/\/www.arclite-shop.de\/en\/wp-json\/wp\/v2\/product_cat?post=342600"},{"taxonomy":"product_tag","embeddable":true,"href":"https:\/\/www.arclite-shop.de\/en\/wp-json\/wp\/v2\/product_tag?post=342600"}],"curies":[{"name":"wp","href":"https:\/\/api.w.org\/{rel}","templated":true}]}}