{"id":342598,"date":"2024-10-31T10:34:34","date_gmt":"2024-10-31T09:34:34","guid":{"rendered":"https:\/\/www.arclite-shop.de\/produkt\/73-28002642\/"},"modified":"2026-04-18T17:04:54","modified_gmt":"2026-04-18T15:04:54","slug":"73-28002642","status":"publish","type":"product","link":"https:\/\/www.arclite-shop.de\/en\/produkt\/73-28002642\/","title":{"rendered":"TRIDONIC Motion Sensor for Street Lighting PSensor SSI 31 2xPIR 8DP DG 28002642"},"content":{"rendered":"<p>\u00dcberwachung der Umgebungslicht- und Bewegungserkennung, Integrierte Temperaturmessung, 2 x PIR-Sensoren eingebaut, welche erweiterte Funktionen wie die Erkennung von Objekten mit Seitenausrichtung erm\u00f6glichen, Geringer Energieverbrauch \u00fcber DALI-2-Bus-Versorgung, Bereit f\u00fcr Zhaga Buch 18 Ed. 2 Anschlussbuchse f\u00fcr einfache und flexible Montage an der Leuchte, Rechteckiger Erfassungsbereich, ideal f\u00fcr Stra\u00dfenanwendungen, Druckausgleichsmembran eingebaut, Lebensdauer bis zu 100.000 h bei tc = 60 \u00b0C, 8 Jahre Garantie in Kombination mit Tridonic LED Treiber PRE3 (sonst 5 Jahre Garantie), Geh\u00e4use: Dunkelgrau (RAL 7040), Schutzart bis zu IP66, Sto\u00dffestigkeitsgrad IK08 (ohne Linse), Innovativ: Erster asymmetrischer Bewegungssensor DALI-2 basierend auf dem Zhaga-Sockel, Flexibel: Individuelle Anpassung der Parameter mit Konfigurationssoftware, Zuverl\u00e4ssig: F\u00fcr h\u00f6chste Outdoor-Anforderungen getestet, Rechteckiger Erfassungsbereich ideal f\u00fcr den Stra\u00dfeneinsatz bei 4 bis 8 m Montageh\u00f6he<\/p>\n","protected":false},"excerpt":{"rendered":"<p>\u00dcberwachung der Umgebungslicht- und Bewegungserkennung, Integrierte Temperaturmessung, 2 x PIR-Sensoren eingebaut, welche erweiterte Funktionen wie die Erkennung von Objekten mit Seitenausrichtung erm\u00f6glichen, Geringer Energieverbrauch \u00fcber DALI-2-Bus-Versorgung, Bereit f\u00fcr Zhaga Buch 18 Ed. 2 Anschlussbuchse f\u00fcr einfache und flexible Montage an<span class=\"excerpt-hellip\"> [\u2026]<\/span><\/p>\n","protected":false},"featured_media":368617,"template":"","meta":[],"product_brand":[],"product_cat":[84959],"product_tag":[],"class_list":{"0":"post-342598","1":"product","2":"type-product","3":"status-publish","4":"has-post-thumbnail","6":"product_cat-lichtregelsystemkomponente","8":"first","9":"instock","10":"taxable","11":"shipping-taxable","12":"product-type-simple"},"_links":{"self":[{"href":"https:\/\/www.arclite-shop.de\/en\/wp-json\/wp\/v2\/product\/342598","targetHints":{"allow":["GET"]}}],"collection":[{"href":"https:\/\/www.arclite-shop.de\/en\/wp-json\/wp\/v2\/product"}],"about":[{"href":"https:\/\/www.arclite-shop.de\/en\/wp-json\/wp\/v2\/types\/product"}],"wp:featuredmedia":[{"embeddable":true,"href":"https:\/\/www.arclite-shop.de\/en\/wp-json\/wp\/v2\/media\/368617"}],"wp:attachment":[{"href":"https:\/\/www.arclite-shop.de\/en\/wp-json\/wp\/v2\/media?parent=342598"}],"wp:term":[{"taxonomy":"product_brand","embeddable":true,"href":"https:\/\/www.arclite-shop.de\/en\/wp-json\/wp\/v2\/product_brand?post=342598"},{"taxonomy":"product_cat","embeddable":true,"href":"https:\/\/www.arclite-shop.de\/en\/wp-json\/wp\/v2\/product_cat?post=342598"},{"taxonomy":"product_tag","embeddable":true,"href":"https:\/\/www.arclite-shop.de\/en\/wp-json\/wp\/v2\/product_tag?post=342598"}],"curies":[{"name":"wp","href":"https:\/\/api.w.org\/{rel}","templated":true}]}}