{"id":342592,"date":"2024-10-31T10:34:31","date_gmt":"2024-10-31T09:34:31","guid":{"rendered":"https:\/\/www.arclite-shop.de\/produkt\/73-28002205\/"},"modified":"2026-04-18T17:05:07","modified_gmt":"2026-04-18T15:05:07","slug":"73-28002205","status":"publish","type":"product","link":"https:\/\/www.arclite-shop.de\/en\/produkt\/73-28002205\/","title":{"rendered":"TRIDONIC DALI Application Controller sceneCOM S CWM 30 BT DA2 28002205"},"content":{"rendered":"<p>DALI Application Controller, Unterst\u00fctzung der kompletten Tridonic Vorschaltger\u00e4te mit DALI und DALI-2, sowie der von anderen Herstellern zertifizierten Vorschaltger\u00e4te mit DALI und DALI-2, Zukunftssicher durch einfache Firmware-Aktualisierung \u00fcber Bluetooth App (sCS commissioning), 4 unabh\u00e4ngige Eing\u00e4nge zum Anschluss von potenzialfreien Kontakten, Standard-Tastschaltern, Stromversorgung \u00fcber DALI-Leitung, Kleine Abmessungen, 5 Jahre Garantie, DALI-Leitung, 4 unabh\u00e4ngige Eing\u00e4nge zum Anschluss von potenzialfreien Kontakten, Standard-Tastschaltern, Drahtlose Kommunikation \u00fcber Bluetooth, DALI-Adressierung, DALI-Gruppierung, Sensorbasierte Automatisierung einschlie\u00dflich Pr\u00e4senz-\/Bewegungserfassung, tageslichtabh\u00e4ngige Steuerung, Tunable-White Anwendungen, App (sCS commissioning) zur mobilen Inbetriebnahme mit intuitiver Benutzerschnittstelle, verf\u00fcgbar f\u00fcr Android und iOS<\/p>\n","protected":false},"excerpt":{"rendered":"<p>DALI Application Controller, Unterst\u00fctzung der kompletten Tridonic Vorschaltger\u00e4te mit DALI und DALI-2, sowie der von anderen Herstellern zertifizierten Vorschaltger\u00e4te mit DALI und DALI-2, Zukunftssicher durch einfache Firmware-Aktualisierung \u00fcber Bluetooth App (sCS commissioning), 4 unabh\u00e4ngige Eing\u00e4nge zum Anschluss von potenzialfreien Kontakten,<span class=\"excerpt-hellip\"> [\u2026]<\/span><\/p>\n","protected":false},"featured_media":368619,"template":"","meta":[],"product_brand":[],"product_cat":[84959],"product_tag":[],"class_list":{"0":"post-342592","1":"product","2":"type-product","3":"status-publish","4":"has-post-thumbnail","6":"product_cat-lichtregelsystemkomponente","8":"first","9":"instock","10":"taxable","11":"shipping-taxable","12":"product-type-simple"},"_links":{"self":[{"href":"https:\/\/www.arclite-shop.de\/en\/wp-json\/wp\/v2\/product\/342592","targetHints":{"allow":["GET"]}}],"collection":[{"href":"https:\/\/www.arclite-shop.de\/en\/wp-json\/wp\/v2\/product"}],"about":[{"href":"https:\/\/www.arclite-shop.de\/en\/wp-json\/wp\/v2\/types\/product"}],"wp:featuredmedia":[{"embeddable":true,"href":"https:\/\/www.arclite-shop.de\/en\/wp-json\/wp\/v2\/media\/368619"}],"wp:attachment":[{"href":"https:\/\/www.arclite-shop.de\/en\/wp-json\/wp\/v2\/media?parent=342592"}],"wp:term":[{"taxonomy":"product_brand","embeddable":true,"href":"https:\/\/www.arclite-shop.de\/en\/wp-json\/wp\/v2\/product_brand?post=342592"},{"taxonomy":"product_cat","embeddable":true,"href":"https:\/\/www.arclite-shop.de\/en\/wp-json\/wp\/v2\/product_cat?post=342592"},{"taxonomy":"product_tag","embeddable":true,"href":"https:\/\/www.arclite-shop.de\/en\/wp-json\/wp\/v2\/product_tag?post=342592"}],"curies":[{"name":"wp","href":"https:\/\/api.w.org\/{rel}","templated":true}]}}