{"id":342587,"date":"2024-10-31T10:34:28","date_gmt":"2024-10-31T09:34:28","guid":{"rendered":"https:\/\/www.arclite-shop.de\/produkt\/73-28001538\/"},"modified":"2026-04-18T17:05:14","modified_gmt":"2026-04-18T15:05:14","slug":"73-28001538","status":"publish","type":"product","link":"https:\/\/www.arclite-shop.de\/en\/produkt\/73-28001538\/","title":{"rendered":"TRIDONIC Automatic switching smartSWITCH 5DP 14f 28001538"},"content":{"rendered":"<p>Bewegungsmelder f\u00fcr den Leuchteneinbau, Zum automatischen Ein- und Ausschalten von Leuchten mit elektronischen Vorschaltger\u00e4ten und LED-Treibern, Bright-Out-Funktion: Kein Einschalten der Leuchte bei ausreichender Helligkeit, Max. 1 Sensor m\u00f6glich, \u201eLow profile\u201c-Geh\u00e4use (21 x 30 mm), F\u00fcr max. 2 LED-Treiber, Verz\u00f6gerungszeit und Lichtwert der Bright-Out-Funktion \u00fcber 2 Potentiometer einstellbar<\/p>\n","protected":false},"excerpt":{"rendered":"<p>Bewegungsmelder f\u00fcr den Leuchteneinbau, Zum automatischen Ein- und Ausschalten von Leuchten mit elektronischen Vorschaltger\u00e4ten und LED-Treibern, Bright-Out-Funktion: Kein Einschalten der Leuchte bei ausreichender Helligkeit, Max. 1 Sensor m\u00f6glich, \u201eLow profile\u201c-Geh\u00e4use (21 x 30 mm), F\u00fcr max. 2 LED-Treiber, Verz\u00f6gerungszeit und<span class=\"excerpt-hellip\"> [\u2026]<\/span><\/p>\n","protected":false},"featured_media":368631,"template":"","meta":[],"product_brand":[],"product_cat":[84959],"product_tag":[],"class_list":{"0":"post-342587","1":"product","2":"type-product","3":"status-publish","4":"has-post-thumbnail","6":"product_cat-lichtregelsystemkomponente","8":"first","9":"instock","10":"taxable","11":"shipping-taxable","12":"product-type-simple"},"_links":{"self":[{"href":"https:\/\/www.arclite-shop.de\/en\/wp-json\/wp\/v2\/product\/342587","targetHints":{"allow":["GET"]}}],"collection":[{"href":"https:\/\/www.arclite-shop.de\/en\/wp-json\/wp\/v2\/product"}],"about":[{"href":"https:\/\/www.arclite-shop.de\/en\/wp-json\/wp\/v2\/types\/product"}],"wp:featuredmedia":[{"embeddable":true,"href":"https:\/\/www.arclite-shop.de\/en\/wp-json\/wp\/v2\/media\/368631"}],"wp:attachment":[{"href":"https:\/\/www.arclite-shop.de\/en\/wp-json\/wp\/v2\/media?parent=342587"}],"wp:term":[{"taxonomy":"product_brand","embeddable":true,"href":"https:\/\/www.arclite-shop.de\/en\/wp-json\/wp\/v2\/product_brand?post=342587"},{"taxonomy":"product_cat","embeddable":true,"href":"https:\/\/www.arclite-shop.de\/en\/wp-json\/wp\/v2\/product_cat?post=342587"},{"taxonomy":"product_tag","embeddable":true,"href":"https:\/\/www.arclite-shop.de\/en\/wp-json\/wp\/v2\/product_tag?post=342587"}],"curies":[{"name":"wp","href":"https:\/\/api.w.org\/{rel}","templated":true}]}}