{"id":342579,"date":"2024-10-31T10:34:24","date_gmt":"2024-10-31T09:34:24","guid":{"rendered":"https:\/\/www.arclite-shop.de\/produkt\/73-28000850\/"},"modified":"2026-04-18T17:05:31","modified_gmt":"2026-04-18T15:05:31","slug":"73-28000850","status":"publish","type":"product","link":"https:\/\/www.arclite-shop.de\/en\/produkt\/73-28000850\/","title":{"rendered":"TRIDONIC Converters DSI-A\/D 28000850"},"content":{"rendered":"<p>Umsetzer von analogen in DSI-Signale, Zur Anbindung von DSI-Betriebsger\u00e4ten in 1&#8230;10 V-Steueranlagen, F\u00fcr max. 50 DSI-Betriebsger\u00e4te, Konstantlichtregelung \u00fcber Anschlussklemme f\u00fcr den SMART LS II m\u00f6glich, Ein-\/Ausschalten \u00fcber separaten Schaltereingang, 5 Jahre Garantie<\/p>\n","protected":false},"excerpt":{"rendered":"<p>Umsetzer von analogen in DSI-Signale, Zur Anbindung von DSI-Betriebsger\u00e4ten in 1&#8230;10 V-Steueranlagen, F\u00fcr max. 50 DSI-Betriebsger\u00e4te, Konstantlichtregelung \u00fcber Anschlussklemme f\u00fcr den SMART LS II m\u00f6glich, Ein-\/Ausschalten \u00fcber separaten Schaltereingang, 5 Jahre Garantie<\/p>\n","protected":false},"featured_media":368641,"template":"","meta":[],"product_brand":[],"product_cat":[84959],"product_tag":[],"class_list":{"0":"post-342579","1":"product","2":"type-product","3":"status-publish","4":"has-post-thumbnail","6":"product_cat-lichtregelsystemkomponente","8":"first","9":"instock","10":"taxable","11":"shipping-taxable","12":"product-type-simple"},"_links":{"self":[{"href":"https:\/\/www.arclite-shop.de\/en\/wp-json\/wp\/v2\/product\/342579","targetHints":{"allow":["GET"]}}],"collection":[{"href":"https:\/\/www.arclite-shop.de\/en\/wp-json\/wp\/v2\/product"}],"about":[{"href":"https:\/\/www.arclite-shop.de\/en\/wp-json\/wp\/v2\/types\/product"}],"wp:featuredmedia":[{"embeddable":true,"href":"https:\/\/www.arclite-shop.de\/en\/wp-json\/wp\/v2\/media\/368641"}],"wp:attachment":[{"href":"https:\/\/www.arclite-shop.de\/en\/wp-json\/wp\/v2\/media?parent=342579"}],"wp:term":[{"taxonomy":"product_brand","embeddable":true,"href":"https:\/\/www.arclite-shop.de\/en\/wp-json\/wp\/v2\/product_brand?post=342579"},{"taxonomy":"product_cat","embeddable":true,"href":"https:\/\/www.arclite-shop.de\/en\/wp-json\/wp\/v2\/product_cat?post=342579"},{"taxonomy":"product_tag","embeddable":true,"href":"https:\/\/www.arclite-shop.de\/en\/wp-json\/wp\/v2\/product_tag?post=342579"}],"curies":[{"name":"wp","href":"https:\/\/api.w.org\/{rel}","templated":true}]}}