{"id":342559,"date":"2024-10-31T10:34:12","date_gmt":"2024-10-31T09:34:12","guid":{"rendered":"https:\/\/www.arclite-shop.de\/produkt\/73-28001899\/"},"modified":"2026-04-18T17:07:14","modified_gmt":"2026-04-18T15:07:14","slug":"73-28001899","status":"publish","type":"product","link":"https:\/\/www.arclite-shop.de\/en\/produkt\/73-28001899\/","title":{"rendered":"TRIDONIC Battery Pack PACK-NiMH 2.2Ah  CON 28001899"},"content":{"rendered":"<p>Hochtemperatur NiMH-Akkupack f\u00fcr den Einsatz mit Notlichtger\u00e4ten, 4 Jahre erwartete Lebensdauer, 1 Jahr Garantie ab Lieferdatum, Hochtemperatur-Dauerbetrieb, Temperatur abh\u00e4ngig vom verwendeten Notlichtbetriebsger\u00e4t (siehe entsprechendes Notlichtbetriebsger\u00e4t-Datenblatt), Gute Ladeeigenschaften bei hoher Temperatur, Hohe Energie-Aufrechterhaltung des geladenen Akkus, Gepr\u00fcfter Qualit\u00e4tshersteller, Geh\u00e4usematerial aus Polycarbonat, 1, 0 mm\u00b2 Litzendraht, Geeignet f\u00fcr Notlichtbetriebsger\u00e4te gem\u00e4\u00df Norm IEC 60598-2-22<\/p>\n","protected":false},"excerpt":{"rendered":"<p>Hochtemperatur NiMH-Akkupack f\u00fcr den Einsatz mit Notlichtger\u00e4ten, 4 Jahre erwartete Lebensdauer, 1 Jahr Garantie ab Lieferdatum, Hochtemperatur-Dauerbetrieb, Temperatur abh\u00e4ngig vom verwendeten Notlichtbetriebsger\u00e4t (siehe entsprechendes Notlichtbetriebsger\u00e4t-Datenblatt), Gute Ladeeigenschaften bei hoher Temperatur, Hohe Energie-Aufrechterhaltung des geladenen Akkus, Gepr\u00fcfter Qualit\u00e4tshersteller, Geh\u00e4usematerial aus Polycarbonat,<span class=\"excerpt-hellip\"> [\u2026]<\/span><\/p>\n","protected":false},"featured_media":368655,"template":"","meta":[],"product_brand":[],"product_cat":[85125],"product_tag":[],"class_list":{"0":"post-342559","1":"product","2":"type-product","3":"status-publish","4":"has-post-thumbnail","6":"product_cat-akku","8":"first","9":"instock","10":"taxable","11":"shipping-taxable","12":"product-type-simple"},"_links":{"self":[{"href":"https:\/\/www.arclite-shop.de\/en\/wp-json\/wp\/v2\/product\/342559","targetHints":{"allow":["GET"]}}],"collection":[{"href":"https:\/\/www.arclite-shop.de\/en\/wp-json\/wp\/v2\/product"}],"about":[{"href":"https:\/\/www.arclite-shop.de\/en\/wp-json\/wp\/v2\/types\/product"}],"wp:featuredmedia":[{"embeddable":true,"href":"https:\/\/www.arclite-shop.de\/en\/wp-json\/wp\/v2\/media\/368655"}],"wp:attachment":[{"href":"https:\/\/www.arclite-shop.de\/en\/wp-json\/wp\/v2\/media?parent=342559"}],"wp:term":[{"taxonomy":"product_brand","embeddable":true,"href":"https:\/\/www.arclite-shop.de\/en\/wp-json\/wp\/v2\/product_brand?post=342559"},{"taxonomy":"product_cat","embeddable":true,"href":"https:\/\/www.arclite-shop.de\/en\/wp-json\/wp\/v2\/product_cat?post=342559"},{"taxonomy":"product_tag","embeddable":true,"href":"https:\/\/www.arclite-shop.de\/en\/wp-json\/wp\/v2\/product_tag?post=342559"}],"curies":[{"name":"wp","href":"https:\/\/api.w.org\/{rel}","templated":true}]}}