{"id":342495,"date":"2024-10-31T10:33:36","date_gmt":"2024-10-31T09:33:36","guid":{"rendered":"https:\/\/www.arclite-shop.de\/produkt\/73-28003211\/"},"modified":"2026-04-18T17:09:59","modified_gmt":"2026-04-18T15:09:59","slug":"73-28003211","status":"publish","type":"product","link":"https:\/\/www.arclite-shop.de\/en\/produkt\/73-28003211\/","title":{"rendered":"TRIDONIC LED Driver Constant Current LC 24\/500-600\/40 flexC R ADV2 28003211"},"content":{"rendered":"<p>Fixed-Output-LED-Treiber f\u00fcr den Leuchteneinbau, Konstantstrom-LED-Treiber, F\u00fcr Leuchten der Schutzklasse I und der Schutzklasse II, Ausgangsstrom einstellbar 500 oder 600 mA, Bis zu 90 % Effizienz, F\u00fcr Umgebungstemperaturen bis zu 60 \u00b0C, Nominale Lebensdauer bis zu 50.000 h (bei ta 50 \u00b0C), 5 Jahre Garantie, Geh\u00e4use: Polycarbonat, wei\u00df, Schutzart IP20, \u00dcberlastschutz, Kurzschlussschutz, Leerlaufschutz, F\u00fcr Spotlight, Stromschienenleuchten und Wandleuchten bei Handels- und Gastronomie-Anwendungen<\/p>\n","protected":false},"excerpt":{"rendered":"<p>Fixed-Output-LED-Treiber f\u00fcr den Leuchteneinbau, Konstantstrom-LED-Treiber, F\u00fcr Leuchten der Schutzklasse I und der Schutzklasse II, Ausgangsstrom einstellbar 500 oder 600 mA, Bis zu 90 % Effizienz, F\u00fcr Umgebungstemperaturen bis zu 60 \u00b0C, Nominale Lebensdauer bis zu 50.000 h (bei ta 50<span class=\"excerpt-hellip\"> [\u2026]<\/span><\/p>\n","protected":false},"featured_media":368725,"template":"","meta":[],"product_brand":[],"product_cat":[84631],"product_tag":[],"class_list":{"0":"post-342495","1":"product","2":"type-product","3":"status-publish","4":"has-post-thumbnail","6":"product_cat-led-betriebsgeraet","8":"first","9":"instock","10":"taxable","11":"shipping-taxable","12":"product-type-simple"},"_links":{"self":[{"href":"https:\/\/www.arclite-shop.de\/en\/wp-json\/wp\/v2\/product\/342495","targetHints":{"allow":["GET"]}}],"collection":[{"href":"https:\/\/www.arclite-shop.de\/en\/wp-json\/wp\/v2\/product"}],"about":[{"href":"https:\/\/www.arclite-shop.de\/en\/wp-json\/wp\/v2\/types\/product"}],"wp:featuredmedia":[{"embeddable":true,"href":"https:\/\/www.arclite-shop.de\/en\/wp-json\/wp\/v2\/media\/368725"}],"wp:attachment":[{"href":"https:\/\/www.arclite-shop.de\/en\/wp-json\/wp\/v2\/media?parent=342495"}],"wp:term":[{"taxonomy":"product_brand","embeddable":true,"href":"https:\/\/www.arclite-shop.de\/en\/wp-json\/wp\/v2\/product_brand?post=342495"},{"taxonomy":"product_cat","embeddable":true,"href":"https:\/\/www.arclite-shop.de\/en\/wp-json\/wp\/v2\/product_cat?post=342495"},{"taxonomy":"product_tag","embeddable":true,"href":"https:\/\/www.arclite-shop.de\/en\/wp-json\/wp\/v2\/product_tag?post=342495"}],"curies":[{"name":"wp","href":"https:\/\/api.w.org\/{rel}","templated":true}]}}