{"id":342473,"date":"2024-10-31T10:33:23","date_gmt":"2024-10-31T09:33:23","guid":{"rendered":"https:\/\/www.arclite-shop.de\/produkt\/73-28003059\/"},"modified":"2026-04-18T17:11:38","modified_gmt":"2026-04-18T15:11:38","slug":"73-28003059","status":"publish","type":"product","link":"https:\/\/www.arclite-shop.de\/en\/produkt\/73-28003059\/","title":{"rendered":"TRIDONIC LED Driver Constant Current LC 40\/500-1050\/42 bDW NF T-G EXC3 28003059"},"content":{"rendered":"<p>Dimmbarer Konstantstrom- \/ Stromschienen-LED-Treiber, Optionales Zubeh\u00f6r ACU ALU NIPPLE M10x1 zur Befestigung des Leuchtenkopfes, Kompatible Stromschienen 3P System, siehe Datenblatt Kapitel 3.8, Baut automatisch ein drahtloses Kommunikationsnetzwerk auf mit bis zu 250 Nodes, Dimmbereich von 1 \u2013 100 % (min. 5 mA), F\u00fcr Leuchten der Schutzklasse II, Temperaturschutz gem\u00e4\u00df EN 61347-2-13 C5e, Ausgangsstrom einstellbar zwischen 500 \u2013 1.050 mA \u00fcber Nahfeld-Kommunikation (NFC), Max. Ausgangsleistung 40 W, Bis zu 85 % Effizienz, Leistungsaufnahme im Stand-by &lt; 0, 5 W, Nominale Lebensdauer bis zu 100.000 h, 5 Jahre Garantie, Geh\u00e4use: Polycarbonat schwarz, wei\u00df oder grau, Schutzart IP20, basicDIM Wireless, Nahfeld-Kommunikation (NFC), Einstellbarer Ausgangsstrom in 1-mA-Schritten (NFC), \u00dcbertemperaturschutz, \u00dcberlastschutz, Kurzschlussschutz, Leerlaufschutz, Schutz gegen Burst-Spannungen 2 kV, Schutz gegen Surge-Spannungen 1 kV (zwischen L und N), Flexible Konfiguration \u00fcber companionSUITE (NFC, DALI-2), Unterst\u00fctzt NFC Mehrfachprogrammierung (ganze Kartoneinheit), F\u00fcr Spotlight bei Handels- und Gastronomie-Anwendungen<\/p>\n","protected":false},"excerpt":{"rendered":"<p>Dimmbarer Konstantstrom- \/ Stromschienen-LED-Treiber, Optionales Zubeh\u00f6r ACU ALU NIPPLE M10x1 zur Befestigung des Leuchtenkopfes, Kompatible Stromschienen 3P System, siehe Datenblatt Kapitel 3.8, Baut automatisch ein drahtloses Kommunikationsnetzwerk auf mit bis zu 250 Nodes, Dimmbereich von 1 \u2013 100 % (min.<span class=\"excerpt-hellip\"> [\u2026]<\/span><\/p>\n","protected":false},"featured_media":368763,"template":"","meta":[],"product_brand":[],"product_cat":[84631],"product_tag":[],"class_list":{"0":"post-342473","1":"product","2":"type-product","3":"status-publish","4":"has-post-thumbnail","6":"product_cat-led-betriebsgeraet","8":"first","9":"instock","10":"taxable","11":"shipping-taxable","12":"product-type-simple"},"_links":{"self":[{"href":"https:\/\/www.arclite-shop.de\/en\/wp-json\/wp\/v2\/product\/342473","targetHints":{"allow":["GET"]}}],"collection":[{"href":"https:\/\/www.arclite-shop.de\/en\/wp-json\/wp\/v2\/product"}],"about":[{"href":"https:\/\/www.arclite-shop.de\/en\/wp-json\/wp\/v2\/types\/product"}],"wp:featuredmedia":[{"embeddable":true,"href":"https:\/\/www.arclite-shop.de\/en\/wp-json\/wp\/v2\/media\/368763"}],"wp:attachment":[{"href":"https:\/\/www.arclite-shop.de\/en\/wp-json\/wp\/v2\/media?parent=342473"}],"wp:term":[{"taxonomy":"product_brand","embeddable":true,"href":"https:\/\/www.arclite-shop.de\/en\/wp-json\/wp\/v2\/product_brand?post=342473"},{"taxonomy":"product_cat","embeddable":true,"href":"https:\/\/www.arclite-shop.de\/en\/wp-json\/wp\/v2\/product_cat?post=342473"},{"taxonomy":"product_tag","embeddable":true,"href":"https:\/\/www.arclite-shop.de\/en\/wp-json\/wp\/v2\/product_tag?post=342473"}],"curies":[{"name":"wp","href":"https:\/\/api.w.org\/{rel}","templated":true}]}}