{"id":342461,"date":"2024-10-31T10:33:17","date_gmt":"2024-10-31T09:33:17","guid":{"rendered":"https:\/\/www.arclite-shop.de\/produkt\/73-87500919\/"},"modified":"2026-04-18T17:11:52","modified_gmt":"2026-04-18T15:11:52","slug":"73-87500919","status":"publish","type":"product","link":"https:\/\/www.arclite-shop.de\/en\/produkt\/73-87500919\/","title":{"rendered":"TRIDONIC LED Driver Constant Current LCI 75\/100-700\/250 flexC NF lp EXC3 87500919"},"content":{"rendered":"<p>Konstantstrom-LED-Treiber f\u00fcr den Leuchteneinbau, besonders geeignet f\u00fcr industrielle Anwendungen in rauen Umgebungen mit erh\u00f6hten Umgebungstemperaturen, wie zum Beispiel Kaltlagerhallen oder Fabriken, Ausgangsstrom einstellbar zwischen 100 \u2013 700 mA, Max. Ausgangsleistung 75 W, Spannungsspitzentauglich (Burst\/Surge) bis zu 4 kV, Erweiterter Temperaturbereich von -40 &#8230; +80 \u00b0C, Nominale Lebensdauer bis zu 120.000 h (bei ta 65 \u00b0C), 8 Jahre Garantie, Wei\u00dfes \u201eslim\u201c-Metallgeh\u00e4use, Schutzart IP20, Nahfeld-Kommunikation (NFC), Klemmen: 45\u00b0 Steckklemmen, Einstellbarer Ausgangsstrom in 1-mA-Schritten (I-SELECT 2 Widerstand oder NFC), Intelligent Temperature Guard (thermische Schutzvorrichtung), Intelligent Voltage Guard (\u00dcberspannungs- und Unterspannungs\u00fcberwachung), Schutzfunktionen (\u00dcbertemperatur, Kurzschluss, \u00dcberlast, Leerlauf, Eingangsspannungsbereich), Geeignet f\u00fcr Sicherheitsbeleuchtungsanlagen gem\u00e4\u00df EN 50172, Flexible Konfiguration \u00fcber companionSUITE (NFC) oder I-SELECT 2, Anwendungsorientiertes Betriebsfenster f\u00fcr max. Kompatibilit\u00e4t, Verbesserte Vibrationseigenschaft, Erh\u00f6hte Sicherheit durch robustes Design und erweiterte Testvorg\u00e4nge unter extremen Testbedingungen, Hohe Verl\u00e4sslichkeit durch die Auswahl exklusiver Komponenten, F\u00fcr Linear- und Fl\u00e4chenbeleuchtung in Industrieanwendungen<\/p>\n","protected":false},"excerpt":{"rendered":"<p>Konstantstrom-LED-Treiber f\u00fcr den Leuchteneinbau, besonders geeignet f\u00fcr industrielle Anwendungen in rauen Umgebungen mit erh\u00f6hten Umgebungstemperaturen, wie zum Beispiel Kaltlagerhallen oder Fabriken, Ausgangsstrom einstellbar zwischen 100 \u2013 700 mA, Max. Ausgangsleistung 75 W, Spannungsspitzentauglich (Burst\/Surge) bis zu 4 kV, Erweiterter Temperaturbereich<span class=\"excerpt-hellip\"> [\u2026]<\/span><\/p>\n","protected":false},"featured_media":368779,"template":"","meta":[],"product_brand":[],"product_cat":[84631],"product_tag":[],"class_list":{"0":"post-342461","1":"product","2":"type-product","3":"status-publish","4":"has-post-thumbnail","6":"product_cat-led-betriebsgeraet","8":"first","9":"instock","10":"taxable","11":"shipping-taxable","12":"product-type-simple"},"_links":{"self":[{"href":"https:\/\/www.arclite-shop.de\/en\/wp-json\/wp\/v2\/product\/342461","targetHints":{"allow":["GET"]}}],"collection":[{"href":"https:\/\/www.arclite-shop.de\/en\/wp-json\/wp\/v2\/product"}],"about":[{"href":"https:\/\/www.arclite-shop.de\/en\/wp-json\/wp\/v2\/types\/product"}],"wp:featuredmedia":[{"embeddable":true,"href":"https:\/\/www.arclite-shop.de\/en\/wp-json\/wp\/v2\/media\/368779"}],"wp:attachment":[{"href":"https:\/\/www.arclite-shop.de\/en\/wp-json\/wp\/v2\/media?parent=342461"}],"wp:term":[{"taxonomy":"product_brand","embeddable":true,"href":"https:\/\/www.arclite-shop.de\/en\/wp-json\/wp\/v2\/product_brand?post=342461"},{"taxonomy":"product_cat","embeddable":true,"href":"https:\/\/www.arclite-shop.de\/en\/wp-json\/wp\/v2\/product_cat?post=342461"},{"taxonomy":"product_tag","embeddable":true,"href":"https:\/\/www.arclite-shop.de\/en\/wp-json\/wp\/v2\/product_tag?post=342461"}],"curies":[{"name":"wp","href":"https:\/\/api.w.org\/{rel}","templated":true}]}}