{"id":342452,"date":"2024-10-31T10:33:11","date_gmt":"2024-10-31T09:33:11","guid":{"rendered":"https:\/\/www.arclite-shop.de\/produkt\/73-87500913\/"},"modified":"2026-04-18T17:12:09","modified_gmt":"2026-04-18T15:12:09","slug":"73-87500913","status":"publish","type":"product","link":"https:\/\/www.arclite-shop.de\/en\/produkt\/73-87500913\/","title":{"rendered":"TRIDONIC LED Driver Constant Current LC 40\/500-1050\/42 o4a T-G EXC3 87500913"},"content":{"rendered":"<p>Dimmbarer Konstantstrom- \/ Stromschienen-LED-Treiber, Optionales Zubeh\u00f6r ACU ALU NIPPLE M10x1 zur Befestigung des Leuchtenkopfes, Kompatibel mit Global Trac PULSE von Nordic Aluminium und OneTrack von Stucchi, siehe Datenblatt Kapitel 3.8, Dimmbereich von 1 \u2013 100 % (min. 5 mA), F\u00fcr Leuchten der Schutzklasse II, Temperaturschutz gem\u00e4\u00df EN 61347-2-13 C5e, Ausgangsstrom einstellbar zwischen 500 \u2013 1.050 mA mit I-SELECT 2 Plugs oder DALI, Max. Ausgangsleistung 40 W, Bis zu 85 % Effizienz, Leistungsaufnahme im Stand-by &lt; 0, 5 W, Nominale Lebensdauer bis zu 100.000 h, 5 Jahre Garantie, Geh\u00e4use: Polycarbonat schwarz, wei\u00df oder grau, Schutzart IP20, one4all (DALI-2, switchDIM, corridorFUNCTION), Klemmen: 45\u00b0 Steckklemmen, Einstellbarer Ausgangsstrom in 1-mA-Schritten (DALI-2, I-SELECT 2), \u00dcbertemperaturschutz, \u00dcberlastschutz, Kurzschlussschutz, Leerlaufschutz, Schutz gegen Burst-Spannungen 2 kV, Schutz gegen Surge-Spannungen 1 kV (zwischen L und N), Flexible Konfiguration \u00fcber companionSUITE (DALI-2), F\u00fcr Spotlight bei Handels- und Gastronomie-Anwendungen<\/p>\n","protected":false},"excerpt":{"rendered":"<p>Dimmbarer Konstantstrom- \/ Stromschienen-LED-Treiber, Optionales Zubeh\u00f6r ACU ALU NIPPLE M10x1 zur Befestigung des Leuchtenkopfes, Kompatibel mit Global Trac PULSE von Nordic Aluminium und OneTrack von Stucchi, siehe Datenblatt Kapitel 3.8, Dimmbereich von 1 \u2013 100 % (min. 5 mA), F\u00fcr<span class=\"excerpt-hellip\"> [\u2026]<\/span><\/p>\n","protected":false},"featured_media":368797,"template":"","meta":[],"product_brand":[],"product_cat":[84631],"product_tag":[],"class_list":{"0":"post-342452","1":"product","2":"type-product","3":"status-publish","4":"has-post-thumbnail","6":"product_cat-led-betriebsgeraet","8":"first","9":"instock","10":"taxable","11":"shipping-taxable","12":"product-type-simple"},"_links":{"self":[{"href":"https:\/\/www.arclite-shop.de\/en\/wp-json\/wp\/v2\/product\/342452","targetHints":{"allow":["GET"]}}],"collection":[{"href":"https:\/\/www.arclite-shop.de\/en\/wp-json\/wp\/v2\/product"}],"about":[{"href":"https:\/\/www.arclite-shop.de\/en\/wp-json\/wp\/v2\/types\/product"}],"wp:featuredmedia":[{"embeddable":true,"href":"https:\/\/www.arclite-shop.de\/en\/wp-json\/wp\/v2\/media\/368797"}],"wp:attachment":[{"href":"https:\/\/www.arclite-shop.de\/en\/wp-json\/wp\/v2\/media?parent=342452"}],"wp:term":[{"taxonomy":"product_brand","embeddable":true,"href":"https:\/\/www.arclite-shop.de\/en\/wp-json\/wp\/v2\/product_brand?post=342452"},{"taxonomy":"product_cat","embeddable":true,"href":"https:\/\/www.arclite-shop.de\/en\/wp-json\/wp\/v2\/product_cat?post=342452"},{"taxonomy":"product_tag","embeddable":true,"href":"https:\/\/www.arclite-shop.de\/en\/wp-json\/wp\/v2\/product_tag?post=342452"}],"curies":[{"name":"wp","href":"https:\/\/api.w.org\/{rel}","templated":true}]}}