{"id":342424,"date":"2024-10-31T10:32:55","date_gmt":"2024-10-31T09:32:55","guid":{"rendered":"https:\/\/www.arclite-shop.de\/produkt\/73-28003367\/"},"modified":"2026-04-18T17:12:57","modified_gmt":"2026-04-18T15:12:57","slug":"73-28003367","status":"publish","type":"product","link":"https:\/\/www.arclite-shop.de\/en\/produkt\/73-28003367\/","title":{"rendered":"TRIDONIC LED Driver Constant Current LC  \/700\/42 fixC T-G SNC 28003367"},"content":{"rendered":"<p>Konstantstrom- \/ Stromschienen-LED-Treiber, Optionales Zubeh\u00f6r ACU ALU NIPPLE M10x1 zur Befestigung des Leuchtenkopfes, Kompatible Stromschienen 1P System, siehe Datenblatt Kapitel 3.8, F\u00fcr Leuchten der Schutzklasse II, Temperaturschutz gem\u00e4\u00df EN 61347-2-13 C5e, Max. Ausgangsleistung 30 W, Bis zu 89 % Effizienz, Nominale Lebensdauer bis zu 100.000 h, 5 Jahre Garantie, Geh\u00e4use: Polycarbonat schwarz, wei\u00df oder grau, Schutzart IP20, \u00dcberlastschutz, Kurzschlussschutz, Leerlaufschutz, F\u00fcr Spotlight bei Handels- und Gastronomie-Anwendungen<\/p>\n","protected":false},"excerpt":{"rendered":"<p>Konstantstrom- \/ Stromschienen-LED-Treiber, Optionales Zubeh\u00f6r ACU ALU NIPPLE M10x1 zur Befestigung des Leuchtenkopfes, Kompatible Stromschienen 1P System, siehe Datenblatt Kapitel 3.8, F\u00fcr Leuchten der Schutzklasse II, Temperaturschutz gem\u00e4\u00df EN 61347-2-13 C5e, Max. Ausgangsleistung 30 W, Bis zu 89 % Effizienz,<span class=\"excerpt-hellip\"> [\u2026]<\/span><\/p>\n","protected":false},"featured_media":368362,"template":"","meta":[],"product_brand":[],"product_cat":[84631],"product_tag":[],"class_list":{"0":"post-342424","1":"product","2":"type-product","3":"status-publish","4":"has-post-thumbnail","6":"product_cat-led-betriebsgeraet","8":"first","9":"instock","10":"taxable","11":"shipping-taxable","12":"product-type-simple"},"_links":{"self":[{"href":"https:\/\/www.arclite-shop.de\/en\/wp-json\/wp\/v2\/product\/342424","targetHints":{"allow":["GET"]}}],"collection":[{"href":"https:\/\/www.arclite-shop.de\/en\/wp-json\/wp\/v2\/product"}],"about":[{"href":"https:\/\/www.arclite-shop.de\/en\/wp-json\/wp\/v2\/types\/product"}],"wp:featuredmedia":[{"embeddable":true,"href":"https:\/\/www.arclite-shop.de\/en\/wp-json\/wp\/v2\/media\/368362"}],"wp:attachment":[{"href":"https:\/\/www.arclite-shop.de\/en\/wp-json\/wp\/v2\/media?parent=342424"}],"wp:term":[{"taxonomy":"product_brand","embeddable":true,"href":"https:\/\/www.arclite-shop.de\/en\/wp-json\/wp\/v2\/product_brand?post=342424"},{"taxonomy":"product_cat","embeddable":true,"href":"https:\/\/www.arclite-shop.de\/en\/wp-json\/wp\/v2\/product_cat?post=342424"},{"taxonomy":"product_tag","embeddable":true,"href":"https:\/\/www.arclite-shop.de\/en\/wp-json\/wp\/v2\/product_tag?post=342424"}],"curies":[{"name":"wp","href":"https:\/\/api.w.org\/{rel}","templated":true}]}}