{"id":342362,"date":"2024-10-31T10:32:20","date_gmt":"2024-10-31T09:32:20","guid":{"rendered":"https:\/\/www.arclite-shop.de\/produkt\/73-87500850\/"},"modified":"2026-04-18T17:14:49","modified_gmt":"2026-04-18T15:14:49","slug":"73-87500850","status":"publish","type":"product","link":"https:\/\/www.arclite-shop.de\/en\/produkt\/73-87500850\/","title":{"rendered":"TRIDONIC LED Driver Constant Current LC 75\/900-1800\/54 0-10V NAX lp EXC2 UNV 87500850"},"content":{"rendered":"<p>Konstantstrom-LED-Treiber, Dimmbar mittels 0 &#8230; 10 V (inkl. Stand-by), Dimmbereich von 1 \u2013 100 %, Class 2, UL Listed Class P, FCC Part 15, Erf\u00fcllt UL 8750 SF3.1, Ausgangsstrom einstellbar zwischen 900 \u2013 1.800 mA \u00fcber NFC, Max. Ausgangsleistung 75 W, Bis zu 88, 9 % Effizienz, Nominale Lebensdauer bis zu 100.000 h, 5 Jahre Garantie, Geh\u00e4use: Metall, wei\u00df, Schutzart IP20, Trockene und feuchte Umgebung, Einstellbarer Ausgangsstrom in 1-mA-Schritten (NFC), AUX-Ausgang, Ausblendzeit programmierbar, Schutzfunktionen (\u00dcbertemperatur, Kurzschluss, \u00dcberlast, Leerlauf, Eingangsspannungsbereich), Betriebsfenster f\u00fcr max. Kompatibilit\u00e4t, Energieeinsparung durch Dimmen \u00fcber 0 &#8230;. 10 V Schnittstelle, Konfiguration \u00fcber NFC, Anpassen der Dimmung mit linearen, logarithmischen oder quadratischen Dimmkurven, F\u00fcr Linear- und Fl\u00e4chenbeleuchtung im B\u00fcro-, Bildungs- und Gesundheitsbereich und Allgemeinbeleuchtung<\/p>\n","protected":false},"excerpt":{"rendered":"<p>Konstantstrom-LED-Treiber, Dimmbar mittels 0 &#8230; 10 V (inkl. Stand-by), Dimmbereich von 1 \u2013 100 %, Class 2, UL Listed Class P, FCC Part 15, Erf\u00fcllt UL 8750 SF3.1, Ausgangsstrom einstellbar zwischen 900 \u2013 1.800 mA \u00fcber NFC, Max. Ausgangsleistung 75<span class=\"excerpt-hellip\"> [\u2026]<\/span><\/p>\n","protected":false},"featured_media":368931,"template":"","meta":[],"product_brand":[],"product_cat":[84631],"product_tag":[],"class_list":{"0":"post-342362","1":"product","2":"type-product","3":"status-publish","4":"has-post-thumbnail","6":"product_cat-led-betriebsgeraet","8":"first","9":"instock","10":"taxable","11":"shipping-taxable","12":"product-type-simple"},"_links":{"self":[{"href":"https:\/\/www.arclite-shop.de\/en\/wp-json\/wp\/v2\/product\/342362","targetHints":{"allow":["GET"]}}],"collection":[{"href":"https:\/\/www.arclite-shop.de\/en\/wp-json\/wp\/v2\/product"}],"about":[{"href":"https:\/\/www.arclite-shop.de\/en\/wp-json\/wp\/v2\/types\/product"}],"wp:featuredmedia":[{"embeddable":true,"href":"https:\/\/www.arclite-shop.de\/en\/wp-json\/wp\/v2\/media\/368931"}],"wp:attachment":[{"href":"https:\/\/www.arclite-shop.de\/en\/wp-json\/wp\/v2\/media?parent=342362"}],"wp:term":[{"taxonomy":"product_brand","embeddable":true,"href":"https:\/\/www.arclite-shop.de\/en\/wp-json\/wp\/v2\/product_brand?post=342362"},{"taxonomy":"product_cat","embeddable":true,"href":"https:\/\/www.arclite-shop.de\/en\/wp-json\/wp\/v2\/product_cat?post=342362"},{"taxonomy":"product_tag","embeddable":true,"href":"https:\/\/www.arclite-shop.de\/en\/wp-json\/wp\/v2\/product_tag?post=342362"}],"curies":[{"name":"wp","href":"https:\/\/api.w.org\/{rel}","templated":true}]}}