{"id":342358,"date":"2024-10-31T10:32:17","date_gmt":"2024-10-31T09:32:17","guid":{"rendered":"https:\/\/www.arclite-shop.de\/produkt\/73-87500846\/"},"modified":"2026-04-18T17:14:54","modified_gmt":"2026-04-18T15:14:54","slug":"73-87500846","status":"publish","type":"product","link":"https:\/\/www.arclite-shop.de\/en\/produkt\/73-87500846\/","title":{"rendered":"TRIDONIC LED Driver Constant Current LC 65\/3\/186 fixC lp SNC2 87500846"},"content":{"rendered":"<p>Fixed-Output-LED-Treiber f\u00fcr den Leuchteneinbau, Konstantstrom-LED-Treiber, F\u00fcr Leuchten der Schutzklasse I und der Schutzklasse II, Temperaturschutz gem\u00e4\u00df EN 61347-2-13 C5e, Ausgangsstrom 250, 300 oder 350 mA, Max. Ausgangsleistung 65 W, Bis zu 90 % Effizienz, Nominale Lebensdauer bis zu 50.000 h, 5 Jahre Garantie, Geh\u00e4use: Metall, wei\u00df, Schutzart IP20, \u00dcberlastschutz, Kurzschlussschutz, Leerlaufschutz, Schutz gegen Burst-Spannungen 0, 5 kV, Schutz gegen Surge-Spannungen 1 kV (zwischen L und N), Schutz gegen Surge-Spannungen 2 kV (zwischen L\/N und Erde)<\/p>\n","protected":false},"excerpt":{"rendered":"<p>Fixed-Output-LED-Treiber f\u00fcr den Leuchteneinbau, Konstantstrom-LED-Treiber, F\u00fcr Leuchten der Schutzklasse I und der Schutzklasse II, Temperaturschutz gem\u00e4\u00df EN 61347-2-13 C5e, Ausgangsstrom 250, 300 oder 350 mA, Max. Ausgangsleistung 65 W, Bis zu 90 % Effizienz, Nominale Lebensdauer bis zu 50.000 h,<span class=\"excerpt-hellip\"> [\u2026]<\/span><\/p>\n","protected":false},"featured_media":368939,"template":"","meta":[],"product_brand":[],"product_cat":[84631],"product_tag":[],"class_list":{"0":"post-342358","1":"product","2":"type-product","3":"status-publish","4":"has-post-thumbnail","6":"product_cat-led-betriebsgeraet","8":"first","9":"instock","10":"taxable","11":"shipping-taxable","12":"product-type-simple"},"_links":{"self":[{"href":"https:\/\/www.arclite-shop.de\/en\/wp-json\/wp\/v2\/product\/342358","targetHints":{"allow":["GET"]}}],"collection":[{"href":"https:\/\/www.arclite-shop.de\/en\/wp-json\/wp\/v2\/product"}],"about":[{"href":"https:\/\/www.arclite-shop.de\/en\/wp-json\/wp\/v2\/types\/product"}],"wp:featuredmedia":[{"embeddable":true,"href":"https:\/\/www.arclite-shop.de\/en\/wp-json\/wp\/v2\/media\/368939"}],"wp:attachment":[{"href":"https:\/\/www.arclite-shop.de\/en\/wp-json\/wp\/v2\/media?parent=342358"}],"wp:term":[{"taxonomy":"product_brand","embeddable":true,"href":"https:\/\/www.arclite-shop.de\/en\/wp-json\/wp\/v2\/product_brand?post=342358"},{"taxonomy":"product_cat","embeddable":true,"href":"https:\/\/www.arclite-shop.de\/en\/wp-json\/wp\/v2\/product_cat?post=342358"},{"taxonomy":"product_tag","embeddable":true,"href":"https:\/\/www.arclite-shop.de\/en\/wp-json\/wp\/v2\/product_tag?post=342358"}],"curies":[{"name":"wp","href":"https:\/\/api.w.org\/{rel}","templated":true}]}}