{"id":342327,"date":"2024-10-31T10:31:59","date_gmt":"2024-10-31T09:31:59","guid":{"rendered":"https:\/\/www.arclite-shop.de\/produkt\/73-87500941\/"},"modified":"2026-04-18T17:15:48","modified_gmt":"2026-04-18T15:15:48","slug":"73-87500941","status":"publish","type":"product","link":"https:\/\/www.arclite-shop.de\/en\/produkt\/73-87500941\/","title":{"rendered":"TRIDONIC LED Driver Constant Current LC 10\/250\/42 fixC SC ADV2 87500941"},"content":{"rendered":"<p>Fixed-Output LED-Treiber, Kann als Leuchteneinbau oder unabh\u00e4ngiger LED-Treiber mit aufschnappbarer Zugentlastung verwendet werden (siehe Zubeh\u00f6r), Unabh\u00e4ngiger LED-Treiber mit Kabelklemmen, F\u00fcr Leuchten der Schutzklasse I und der Schutzklasse II, Temperaturschutz gem\u00e4\u00df EN 61347-2-13 C5e, Konstantstrom-LED-Treiber, Ausgangsstrom 250 mA, Max. Ausgangsleistung 10, 5 W, Nominale Lebensdauer bis zu 50.000 h, 5 Jahre Garantie, Geh\u00e4use: Polycarbonat, wei\u00df, Schutzart IP20, \u00dcberlastschutz, Kurzschlussschutz, Leerlaufschutz, F\u00fcr Spotlight und Downlight bei Handels- und Gastronomie-Anwendungen, F\u00fcr Panel- und Fl\u00e4chenbeleuchtung bei B\u00fcro- und Bildungs-Anwendungen<\/p>\n","protected":false},"excerpt":{"rendered":"<p>Fixed-Output LED-Treiber, Kann als Leuchteneinbau oder unabh\u00e4ngiger LED-Treiber mit aufschnappbarer Zugentlastung verwendet werden (siehe Zubeh\u00f6r), Unabh\u00e4ngiger LED-Treiber mit Kabelklemmen, F\u00fcr Leuchten der Schutzklasse I und der Schutzklasse II, Temperaturschutz gem\u00e4\u00df EN 61347-2-13 C5e, Konstantstrom-LED-Treiber, Ausgangsstrom 250 mA, Max. Ausgangsleistung 10,<span class=\"excerpt-hellip\"> [\u2026]<\/span><\/p>\n","protected":false},"featured_media":368987,"template":"","meta":[],"product_brand":[],"product_cat":[84631],"product_tag":[],"class_list":{"0":"post-342327","1":"product","2":"type-product","3":"status-publish","4":"has-post-thumbnail","6":"product_cat-led-betriebsgeraet","8":"first","9":"instock","10":"taxable","11":"shipping-taxable","12":"product-type-simple"},"_links":{"self":[{"href":"https:\/\/www.arclite-shop.de\/en\/wp-json\/wp\/v2\/product\/342327","targetHints":{"allow":["GET"]}}],"collection":[{"href":"https:\/\/www.arclite-shop.de\/en\/wp-json\/wp\/v2\/product"}],"about":[{"href":"https:\/\/www.arclite-shop.de\/en\/wp-json\/wp\/v2\/types\/product"}],"wp:featuredmedia":[{"embeddable":true,"href":"https:\/\/www.arclite-shop.de\/en\/wp-json\/wp\/v2\/media\/368987"}],"wp:attachment":[{"href":"https:\/\/www.arclite-shop.de\/en\/wp-json\/wp\/v2\/media?parent=342327"}],"wp:term":[{"taxonomy":"product_brand","embeddable":true,"href":"https:\/\/www.arclite-shop.de\/en\/wp-json\/wp\/v2\/product_brand?post=342327"},{"taxonomy":"product_cat","embeddable":true,"href":"https:\/\/www.arclite-shop.de\/en\/wp-json\/wp\/v2\/product_cat?post=342327"},{"taxonomy":"product_tag","embeddable":true,"href":"https:\/\/www.arclite-shop.de\/en\/wp-json\/wp\/v2\/product_tag?post=342327"}],"curies":[{"name":"wp","href":"https:\/\/api.w.org\/{rel}","templated":true}]}}