{"id":342320,"date":"2024-10-31T10:31:56","date_gmt":"2024-10-31T09:31:56","guid":{"rendered":"https:\/\/www.arclite-shop.de\/produkt\/73-87500803\/"},"modified":"2026-04-18T17:15:52","modified_gmt":"2026-04-18T15:15:52","slug":"73-87500803","status":"publish","type":"product","link":"https:\/\/www.arclite-shop.de\/en\/produkt\/73-87500803\/","title":{"rendered":"TRIDONIC LED Driver Constant Current LC 10\/0\/20 fixC SR SNC2 87500803"},"content":{"rendered":"<p>Unabh\u00e4ngiger LED-Treiber mit Zugentlastungsgeh\u00e4use, Extra flache Ausf\u00fchrung f\u00fcr eingeschr\u00e4nkte Einbaubedingungen (kleine Deckenausschnitte und niedrige Deckenhohlr\u00e4ume), Temperaturschutz gem\u00e4\u00df EN 61347-2-13 C5e, Ausgangsstrom 250, 350, 500 oder 700 mA, Max. Ausgangsleistung 10 W, Nominale Lebensdauer bis zu 50.000 h, 5 Jahre Garantie, Geh\u00e4use: Polycarbonat, wei\u00df, Schutzart IP20, Steckklemmen, 2 separate Zugentlastungen f\u00fcr Eingangs- und Ausgangskabel mit sehr robusten Klemmen, \u00dcberlastschutz, Kurzschlussschutz, Leerlaufschutz, Kein \u00dcberschwingen des Ausgangsstromes bei ein- oder ausgeschaltetem Netz, Schutz gegen Burst-Spannungen 1 kV, Schutz gegen Surge-Spannungen 0, 5 kV (zwischen L und N), Schutz gegen Surge-Spannungen 1 kV (zwischen L\/N und Erde), F\u00fcr Spotlight und Downlight bei Handels- und Gastronomie-Anwendungen, F\u00fcr Panel- und Fl\u00e4chenbeleuchtung bei B\u00fcro- und Bildungs-Anwendungen<\/p>\n","protected":false},"excerpt":{"rendered":"<p>Unabh\u00e4ngiger LED-Treiber mit Zugentlastungsgeh\u00e4use, Extra flache Ausf\u00fchrung f\u00fcr eingeschr\u00e4nkte Einbaubedingungen (kleine Deckenausschnitte und niedrige Deckenhohlr\u00e4ume), Temperaturschutz gem\u00e4\u00df EN 61347-2-13 C5e, Ausgangsstrom 250, 350, 500 oder 700 mA, Max. Ausgangsleistung 10 W, Nominale Lebensdauer bis zu 50.000 h, 5 Jahre Garantie,<span class=\"excerpt-hellip\"> [\u2026]<\/span><\/p>\n","protected":false},"featured_media":368995,"template":"","meta":[],"product_brand":[],"product_cat":[84631],"product_tag":[],"class_list":{"0":"post-342320","1":"product","2":"type-product","3":"status-publish","4":"has-post-thumbnail","6":"product_cat-led-betriebsgeraet","8":"first","9":"instock","10":"taxable","11":"shipping-taxable","12":"product-type-simple"},"_links":{"self":[{"href":"https:\/\/www.arclite-shop.de\/en\/wp-json\/wp\/v2\/product\/342320","targetHints":{"allow":["GET"]}}],"collection":[{"href":"https:\/\/www.arclite-shop.de\/en\/wp-json\/wp\/v2\/product"}],"about":[{"href":"https:\/\/www.arclite-shop.de\/en\/wp-json\/wp\/v2\/types\/product"}],"wp:featuredmedia":[{"embeddable":true,"href":"https:\/\/www.arclite-shop.de\/en\/wp-json\/wp\/v2\/media\/368995"}],"wp:attachment":[{"href":"https:\/\/www.arclite-shop.de\/en\/wp-json\/wp\/v2\/media?parent=342320"}],"wp:term":[{"taxonomy":"product_brand","embeddable":true,"href":"https:\/\/www.arclite-shop.de\/en\/wp-json\/wp\/v2\/product_brand?post=342320"},{"taxonomy":"product_cat","embeddable":true,"href":"https:\/\/www.arclite-shop.de\/en\/wp-json\/wp\/v2\/product_cat?post=342320"},{"taxonomy":"product_tag","embeddable":true,"href":"https:\/\/www.arclite-shop.de\/en\/wp-json\/wp\/v2\/product_tag?post=342320"}],"curies":[{"name":"wp","href":"https:\/\/api.w.org\/{rel}","templated":true}]}}