{"id":342297,"date":"2024-10-31T10:31:42","date_gmt":"2024-10-31T09:31:42","guid":{"rendered":"https:\/\/www.arclite-shop.de\/produkt\/73-28002305\/"},"modified":"2026-04-18T17:16:39","modified_gmt":"2026-04-18T15:16:39","slug":"73-28002305","status":"publish","type":"product","link":"https:\/\/www.arclite-shop.de\/en\/produkt\/73-28002305\/","title":{"rendered":"TRIDONIC LED Driver Constant Current LCO 150\/0\/300 fixC L SNC2 28002305"},"content":{"rendered":"<p>Unabh\u00e4ngiger Fixed-Output-LED-Treiber, Konstantstrom-LED-Treiber, Ausgangsstrom 500, 700, 1.050 oder 1.400 mA, Bis zu 92 % Effizienz, Umgebungstemperaturbereich von -40 &#8230; +60 \u00b0C, Max. Geh\u00e4usetemperatur tc von 90 \u00b0C, Nominale Lebensdauer bis zu 80.000 h, 5 Jahre Garantie, Geh\u00e4use: Metall, schwarz, Schutzart IP67, Anschluss: Kabel 300 mm, Schutzfunktionen (\u00dcbertemperatur, Kurzschluss, \u00dcberlast, Leerlauf), Gro\u00dfer Eingangsspannungsbereich 100 \u2013 240 V, Hohe Energieeinsparungen durch geringe Stand-by-Verluste und hohe Effizienz, Spannungsspitzentauglich (Burst\/Surge) bis zu 6 kV, Doppelte bzw. verst\u00e4rkte Isolation, Hohe Anzahl von Treibern an 16 A (B) Leitungsschutzautomaten, Verbesserte Vibrationseigenschaft, Der LED-Treiber ist f\u00fcr eine erh\u00f6hte Lebensdauer unter den genannten Referenzbedingungen ausgelegt und hat eine Ausfallswahrscheinlichkeit von weniger als 10 %, Breite Produktpalette mit den g\u00e4ngigsten Str\u00f6men bewirkt eine Reduktion des Produktionsaufwandes bei der Leuchtenherstellung, F\u00fcr Parkplatz-, Hochregal- und Stra\u00dfenanwendungen, F\u00fcr Linear- und Fl\u00e4chenbeleuchtung in Industrieanwendungen<\/p>\n","protected":false},"excerpt":{"rendered":"<p>Unabh\u00e4ngiger Fixed-Output-LED-Treiber, Konstantstrom-LED-Treiber, Ausgangsstrom 500, 700, 1.050 oder 1.400 mA, Bis zu 92 % Effizienz, Umgebungstemperaturbereich von -40 &#8230; +60 \u00b0C, Max. Geh\u00e4usetemperatur tc von 90 \u00b0C, Nominale Lebensdauer bis zu 80.000 h, 5 Jahre Garantie, Geh\u00e4use: Metall, schwarz, Schutzart<span class=\"excerpt-hellip\"> [\u2026]<\/span><\/p>\n","protected":false},"featured_media":369011,"template":"","meta":[],"product_brand":[],"product_cat":[84631],"product_tag":[],"class_list":{"0":"post-342297","1":"product","2":"type-product","3":"status-publish","4":"has-post-thumbnail","6":"product_cat-led-betriebsgeraet","8":"first","9":"instock","10":"taxable","11":"shipping-taxable","12":"product-type-simple"},"_links":{"self":[{"href":"https:\/\/www.arclite-shop.de\/en\/wp-json\/wp\/v2\/product\/342297","targetHints":{"allow":["GET"]}}],"collection":[{"href":"https:\/\/www.arclite-shop.de\/en\/wp-json\/wp\/v2\/product"}],"about":[{"href":"https:\/\/www.arclite-shop.de\/en\/wp-json\/wp\/v2\/types\/product"}],"wp:featuredmedia":[{"embeddable":true,"href":"https:\/\/www.arclite-shop.de\/en\/wp-json\/wp\/v2\/media\/369011"}],"wp:attachment":[{"href":"https:\/\/www.arclite-shop.de\/en\/wp-json\/wp\/v2\/media?parent=342297"}],"wp:term":[{"taxonomy":"product_brand","embeddable":true,"href":"https:\/\/www.arclite-shop.de\/en\/wp-json\/wp\/v2\/product_brand?post=342297"},{"taxonomy":"product_cat","embeddable":true,"href":"https:\/\/www.arclite-shop.de\/en\/wp-json\/wp\/v2\/product_cat?post=342297"},{"taxonomy":"product_tag","embeddable":true,"href":"https:\/\/www.arclite-shop.de\/en\/wp-json\/wp\/v2\/product_tag?post=342297"}],"curies":[{"name":"wp","href":"https:\/\/api.w.org\/{rel}","templated":true}]}}