{"id":342240,"date":"2024-10-31T10:31:09","date_gmt":"2024-10-31T09:31:09","guid":{"rendered":"https:\/\/www.arclite-shop.de\/produkt\/73-28002133\/"},"modified":"2026-04-18T17:18:11","modified_gmt":"2026-04-18T15:18:11","slug":"73-28002133","status":"publish","type":"product","link":"https:\/\/www.arclite-shop.de\/en\/produkt\/73-28002133\/","title":{"rendered":"TRIDONIC LED Driver Constant Voltage LC 100\/24V lp ADV UNV 28002133"},"content":{"rendered":"<p>Konstantspannungs-LED-Treiber, Universaler Eingangsspannungsbereich, Max. Ausgangsleistung 96 W, Effizienz &gt; 87 %, Class 2, FCC Part 15, UL Listed Class P, Nur f\u00fcr US-Anwendungen, Nominale Lebensdauer bis zu 50.000 h (bei ta 40 \u00b0C), 5 Jahre Garantie, Geh\u00e4use: Metall, schwarz, Vergossene Version, Trockene und feuchte Umgebung, Schutzfunktionen (\u00dcbertemperatur, Kurzschluss, \u00dcberlast, Leerlauf), Lineare und robuste Bauform<\/p>\n","protected":false},"excerpt":{"rendered":"<p>Konstantspannungs-LED-Treiber, Universaler Eingangsspannungsbereich, Max. Ausgangsleistung 96 W, Effizienz &gt; 87 %, Class 2, FCC Part 15, UL Listed Class P, Nur f\u00fcr US-Anwendungen, Nominale Lebensdauer bis zu 50.000 h (bei ta 40 \u00b0C), 5 Jahre Garantie, Geh\u00e4use: Metall, schwarz, Vergossene<span class=\"excerpt-hellip\"> [\u2026]<\/span><\/p>\n","protected":false},"featured_media":369075,"template":"","meta":[],"product_brand":[],"product_cat":[84631],"product_tag":[],"class_list":{"0":"post-342240","1":"product","2":"type-product","3":"status-publish","4":"has-post-thumbnail","6":"product_cat-led-betriebsgeraet","8":"first","9":"instock","10":"taxable","11":"shipping-taxable","12":"product-type-simple"},"_links":{"self":[{"href":"https:\/\/www.arclite-shop.de\/en\/wp-json\/wp\/v2\/product\/342240","targetHints":{"allow":["GET"]}}],"collection":[{"href":"https:\/\/www.arclite-shop.de\/en\/wp-json\/wp\/v2\/product"}],"about":[{"href":"https:\/\/www.arclite-shop.de\/en\/wp-json\/wp\/v2\/types\/product"}],"wp:featuredmedia":[{"embeddable":true,"href":"https:\/\/www.arclite-shop.de\/en\/wp-json\/wp\/v2\/media\/369075"}],"wp:attachment":[{"href":"https:\/\/www.arclite-shop.de\/en\/wp-json\/wp\/v2\/media?parent=342240"}],"wp:term":[{"taxonomy":"product_brand","embeddable":true,"href":"https:\/\/www.arclite-shop.de\/en\/wp-json\/wp\/v2\/product_brand?post=342240"},{"taxonomy":"product_cat","embeddable":true,"href":"https:\/\/www.arclite-shop.de\/en\/wp-json\/wp\/v2\/product_cat?post=342240"},{"taxonomy":"product_tag","embeddable":true,"href":"https:\/\/www.arclite-shop.de\/en\/wp-json\/wp\/v2\/product_tag?post=342240"}],"curies":[{"name":"wp","href":"https:\/\/api.w.org\/{rel}","templated":true}]}}