{"id":342182,"date":"2024-10-31T10:30:37","date_gmt":"2024-10-31T09:30:37","guid":{"rendered":"https:\/\/www.arclite-shop.de\/produkt\/73-28001572\/"},"modified":"2026-04-18T17:19:49","modified_gmt":"2026-04-18T15:19:49","slug":"73-28001572","status":"publish","type":"product","link":"https:\/\/www.arclite-shop.de\/en\/produkt\/73-28001572\/","title":{"rendered":"TRIDONIC LED Driver Constant Current LC 100W 1100-2100mA flexC C EXC 28001572"},"content":{"rendered":"<p>Konstantstrom-LED-Treiber, Ausgangsstrom einstellbar zwischen 1.100 \u2013 2.100 mA mit ready2mains Programmer oder I-SELECT 2 Plugs, Max. Ausgangsleistung 100 W, Bis zu 92 % Effizienz, Nominale Lebensdauer bis zu 100.000 h, 5 Jahre Garantie, Geh\u00e4use: Polycarbonat, wei\u00df, Schutzart IP20, ready2mains (Konfigurieren \u00fcber Netz), Klemmen: 45\u00b0 Steckklemmen, Einstellbarer Ausgangsstrom in 1-mA-Schritten (ready2mains, I-SELECT 2), Schutzfunktionen (\u00dcbertemperatur, Kurzschluss, \u00dcberlast, Leerlauf, Eingangsspannungsbereich), Intelligent Voltage Guard (\u00dcberspannungs- und Unterspannungs\u00fcberwachung), Geeignet f\u00fcr Sicherheitsbeleuchtungsanlagen gem\u00e4\u00df EN 50172, Anwendungsorientiertes Betriebsfenster f\u00fcr max. Kompatibilit\u00e4t, Hohe Energieeinsparungen durch hohe Effizienz, Flexible Konfiguration \u00fcber ready2mains und I-SELECT 2, F\u00fcr Downlight, Strahler und dekorative Anwendungen<\/p>\n","protected":false},"excerpt":{"rendered":"<p>Konstantstrom-LED-Treiber, Ausgangsstrom einstellbar zwischen 1.100 \u2013 2.100 mA mit ready2mains Programmer oder I-SELECT 2 Plugs, Max. Ausgangsleistung 100 W, Bis zu 92 % Effizienz, Nominale Lebensdauer bis zu 100.000 h, 5 Jahre Garantie, Geh\u00e4use: Polycarbonat, wei\u00df, Schutzart IP20, ready2mains (Konfigurieren<span class=\"excerpt-hellip\"> [\u2026]<\/span><\/p>\n","protected":false},"featured_media":369147,"template":"","meta":[],"product_brand":[],"product_cat":[84631],"product_tag":[],"class_list":{"0":"post-342182","1":"product","2":"type-product","3":"status-publish","4":"has-post-thumbnail","6":"product_cat-led-betriebsgeraet","8":"first","9":"instock","10":"taxable","11":"shipping-taxable","12":"product-type-simple"},"_links":{"self":[{"href":"https:\/\/www.arclite-shop.de\/en\/wp-json\/wp\/v2\/product\/342182","targetHints":{"allow":["GET"]}}],"collection":[{"href":"https:\/\/www.arclite-shop.de\/en\/wp-json\/wp\/v2\/product"}],"about":[{"href":"https:\/\/www.arclite-shop.de\/en\/wp-json\/wp\/v2\/types\/product"}],"wp:featuredmedia":[{"embeddable":true,"href":"https:\/\/www.arclite-shop.de\/en\/wp-json\/wp\/v2\/media\/369147"}],"wp:attachment":[{"href":"https:\/\/www.arclite-shop.de\/en\/wp-json\/wp\/v2\/media?parent=342182"}],"wp:term":[{"taxonomy":"product_brand","embeddable":true,"href":"https:\/\/www.arclite-shop.de\/en\/wp-json\/wp\/v2\/product_brand?post=342182"},{"taxonomy":"product_cat","embeddable":true,"href":"https:\/\/www.arclite-shop.de\/en\/wp-json\/wp\/v2\/product_cat?post=342182"},{"taxonomy":"product_tag","embeddable":true,"href":"https:\/\/www.arclite-shop.de\/en\/wp-json\/wp\/v2\/product_tag?post=342182"}],"curies":[{"name":"wp","href":"https:\/\/api.w.org\/{rel}","templated":true}]}}