{"id":342144,"date":"2024-10-31T10:30:15","date_gmt":"2024-10-31T09:30:15","guid":{"rendered":"https:\/\/www.arclite-shop.de\/produkt\/73-28001044\/"},"modified":"2026-04-18T17:20:53","modified_gmt":"2026-04-18T15:20:53","slug":"73-28001044","status":"publish","type":"product","link":"https:\/\/www.arclite-shop.de\/en\/produkt\/73-28001044\/","title":{"rendered":"TRIDONIC LED Driver Constant Voltage LCU 48V  0W DC-STR DIM SR 28001044"},"content":{"rendered":"<p>Unabh\u00e4ngiger dimmbarer DC-String-Konstantspannungs-LED-Treiber, Kompatibel mit anderen DC-String Komponenten, Integrierte DALI zu DC Powerline Kommunikation (PLC), one4all interface (corridorFUNCTION, switchDIM, DALI, DSI), Max. Ausgangsleistung 150 W, Bis zu 93 % Effizienz, Nominale Lebensdauer bis zu 50.000 h, F\u00fcr Leuchten der Schutzklasse I und der Schutzklasse II, 5 Jahre Garantie, Geh\u00e4use: Polycarbonat, wei\u00df, Schutzart IP20, DC-String kompatibel, Intelligent Temperature Guard (thermische Schutzvorrichtung), Kurzschlussschutz, \u00dcberlastschutz<\/p>\n","protected":false},"excerpt":{"rendered":"<p>Unabh\u00e4ngiger dimmbarer DC-String-Konstantspannungs-LED-Treiber, Kompatibel mit anderen DC-String Komponenten, Integrierte DALI zu DC Powerline Kommunikation (PLC), one4all interface (corridorFUNCTION, switchDIM, DALI, DSI), Max. Ausgangsleistung 150 W, Bis zu 93 % Effizienz, Nominale Lebensdauer bis zu 50.000 h, F\u00fcr Leuchten der Schutzklasse<span class=\"excerpt-hellip\"> [\u2026]<\/span><\/p>\n","protected":false},"featured_media":369183,"template":"","meta":[],"product_brand":[],"product_cat":[84631],"product_tag":[],"class_list":{"0":"post-342144","1":"product","2":"type-product","3":"status-publish","4":"has-post-thumbnail","6":"product_cat-led-betriebsgeraet","8":"first","9":"instock","10":"taxable","11":"shipping-taxable","12":"product-type-simple"},"_links":{"self":[{"href":"https:\/\/www.arclite-shop.de\/en\/wp-json\/wp\/v2\/product\/342144","targetHints":{"allow":["GET"]}}],"collection":[{"href":"https:\/\/www.arclite-shop.de\/en\/wp-json\/wp\/v2\/product"}],"about":[{"href":"https:\/\/www.arclite-shop.de\/en\/wp-json\/wp\/v2\/types\/product"}],"wp:featuredmedia":[{"embeddable":true,"href":"https:\/\/www.arclite-shop.de\/en\/wp-json\/wp\/v2\/media\/369183"}],"wp:attachment":[{"href":"https:\/\/www.arclite-shop.de\/en\/wp-json\/wp\/v2\/media?parent=342144"}],"wp:term":[{"taxonomy":"product_brand","embeddable":true,"href":"https:\/\/www.arclite-shop.de\/en\/wp-json\/wp\/v2\/product_brand?post=342144"},{"taxonomy":"product_cat","embeddable":true,"href":"https:\/\/www.arclite-shop.de\/en\/wp-json\/wp\/v2\/product_cat?post=342144"},{"taxonomy":"product_tag","embeddable":true,"href":"https:\/\/www.arclite-shop.de\/en\/wp-json\/wp\/v2\/product_tag?post=342144"}],"curies":[{"name":"wp","href":"https:\/\/api.w.org\/{rel}","templated":true}]}}