{"id":342117,"date":"2024-10-31T10:29:59","date_gmt":"2024-10-31T09:29:59","guid":{"rendered":"https:\/\/www.arclite-shop.de\/produkt\/73-28000684\/"},"modified":"2026-04-18T17:21:42","modified_gmt":"2026-04-18T15:21:42","slug":"73-28000684","status":"publish","type":"product","link":"https:\/\/www.arclite-shop.de\/en\/produkt\/73-28000684\/","title":{"rendered":"TRIDONIC LED Driver Constant Current LC 75W 900-1800mA flexC lp EXC 28000684"},"content":{"rendered":"<p>Konstantstrom-LED-Treiber f\u00fcr den Leuchteneinbau, F\u00fcr Leuchten der Schutzklasse I und der Schutzklasse II, Ausgangsstrom einstellbar zwischen 900 \u2013 1.800 mA mit ready2mains Programmer oder I-SELECT 2 Plugs, Max. Ausgangsleistung 75 W, Bis zu 91 % Effizienz, Nominale Lebensdauer bis zu 100.000 h, 5 Jahre Garantie, \u201eLow profile\u201c-Metallgeh\u00e4use mit wei\u00dfem Oberteil, Schutzart IP20, ready2mains (Konfigurieren \u00fcber Netz), Klemmen: 0\u00b0 Steckklemmen, Einstellbarer Ausgangsstrom in 1-mA-Schritten (ready2mains, I-SELECT 2), Schutzfunktionen (\u00dcbertemperatur, Kurzschluss, \u00dcberlast, Leerlauf, Eingangsspannungsbereich), Geeignet f\u00fcr Sicherheitsbeleuchtungsanlagen gem\u00e4\u00df EN 50172, Anwendungsorientiertes Betriebsfenster f\u00fcr max. Kompatibilit\u00e4t, Hohe Energieeinsparungen durch hohe Effizienz, Flexible Konfiguration \u00fcber ready2mains und I-SELECT 2, Lebensdauer bis zu 100.000 h und 5 Jahre Garantie, F\u00fcr Linear- und Fl\u00e4chenbeleuchtung in B\u00fcroanwendungen<\/p>\n","protected":false},"excerpt":{"rendered":"<p>Konstantstrom-LED-Treiber f\u00fcr den Leuchteneinbau, F\u00fcr Leuchten der Schutzklasse I und der Schutzklasse II, Ausgangsstrom einstellbar zwischen 900 \u2013 1.800 mA mit ready2mains Programmer oder I-SELECT 2 Plugs, Max. Ausgangsleistung 75 W, Bis zu 91 % Effizienz, Nominale Lebensdauer bis zu<span class=\"excerpt-hellip\"> [\u2026]<\/span><\/p>\n","protected":false},"featured_media":369229,"template":"","meta":[],"product_brand":[],"product_cat":[84631],"product_tag":[],"class_list":{"0":"post-342117","1":"product","2":"type-product","3":"status-publish","4":"has-post-thumbnail","6":"product_cat-led-betriebsgeraet","8":"first","9":"instock","10":"taxable","11":"shipping-taxable","12":"product-type-simple"},"_links":{"self":[{"href":"https:\/\/www.arclite-shop.de\/en\/wp-json\/wp\/v2\/product\/342117","targetHints":{"allow":["GET"]}}],"collection":[{"href":"https:\/\/www.arclite-shop.de\/en\/wp-json\/wp\/v2\/product"}],"about":[{"href":"https:\/\/www.arclite-shop.de\/en\/wp-json\/wp\/v2\/types\/product"}],"wp:featuredmedia":[{"embeddable":true,"href":"https:\/\/www.arclite-shop.de\/en\/wp-json\/wp\/v2\/media\/369229"}],"wp:attachment":[{"href":"https:\/\/www.arclite-shop.de\/en\/wp-json\/wp\/v2\/media?parent=342117"}],"wp:term":[{"taxonomy":"product_brand","embeddable":true,"href":"https:\/\/www.arclite-shop.de\/en\/wp-json\/wp\/v2\/product_brand?post=342117"},{"taxonomy":"product_cat","embeddable":true,"href":"https:\/\/www.arclite-shop.de\/en\/wp-json\/wp\/v2\/product_cat?post=342117"},{"taxonomy":"product_tag","embeddable":true,"href":"https:\/\/www.arclite-shop.de\/en\/wp-json\/wp\/v2\/product_tag?post=342117"}],"curies":[{"name":"wp","href":"https:\/\/api.w.org\/{rel}","templated":true}]}}