{"id":342116,"date":"2024-10-31T10:29:58","date_gmt":"2024-10-31T09:29:58","guid":{"rendered":"https:\/\/www.arclite-shop.de\/produkt\/73-28000661\/"},"modified":"2026-04-29T12:10:16","modified_gmt":"2026-04-29T10:10:16","slug":"73-28000661","status":"publish","type":"product","link":"https:\/\/www.arclite-shop.de\/en\/produkt\/73-28000661\/","title":{"rendered":"TRIDONIC LED Driver Constant Current LCA 100W 250-700mA one4all lp PRE 28000661"},"content":{"rendered":"<p>Dimmbarer Konstantstrom-LED-Treiber f\u00fcr den Leuchteneinbau, Dimmbereich von 1 \u2013 100 %, F\u00fcr Leuchten der Schutzklasse I und der Schutzklasse II, Ausgangsstrom einstellbar zwischen 250 \u2013 700 mA mit ready2mains Programmer, I-SELECT 2 Plugs oder DALI, Max. Ausgangsleistung 100 W, Bis zu 93 % Effizienz, Leistungsaufnahme im Stand-by &lt; 0, 15 W, Nominale Lebensdauer bis zu 100.000 h, 5 Jahre Garantie, \u201eLow profile\u201c-Metallgeh\u00e4use mit wei\u00dfem Oberteil, Schutzart IP20, one4all (DALI-2 DT 6, DSI, switchDIM, corridorFUNCTION), ready2mains (Konfigurieren und Dimmen \u00fcber Netz), Klemmen: 0\u00b0 Steckklemmen, Einstellbarer Ausgangsstrom in 1-mA-Schritten (DALI, ready2mains, I-SELECT 2), Constant Light Output Funktion (CLO), Power-up Fading bei AC, Konfigurieren \u00fcber ready2mains, Servicemonitor protokolliert bestimmte Ereignisse, Schutzfunktionen (\u00dcbertemperatur, Kurzschluss, \u00dcberlast, Leerlauf, Eingangsspannungsbereich, reduzierte Sto\u00dfstromverst\u00e4rkung), Intelligent Voltage Guard (\u00dcberspannungs- und Unterspannungs\u00fcberwachung), Geeignet f\u00fcr Sicherheitsbeleuchtungsanlagen gem\u00e4\u00df EN 50172, Anwendungsorientiertes Betriebsfenster f\u00fcr max. Kompatibilit\u00e4t, Hohe Energieeinsparungen durch geringe Stand-by-Verluste und hohe Effizienz, Flexible Konfiguration \u00fcber DALI, ready2mains und I-SELECT 2, Lebensdauer bis zu 100.000 h und 5 Jahre Garantie, F\u00fcr Linear- und Fl\u00e4chenbeleuchtung in B\u00fcroanwendungen<\/p>\n","protected":false},"excerpt":{"rendered":"<p>Dimmbarer Konstantstrom-LED-Treiber f\u00fcr den Leuchteneinbau, Dimmbereich von 1 \u2013 100 %, F\u00fcr Leuchten der Schutzklasse I und der Schutzklasse II, Ausgangsstrom einstellbar zwischen 250 \u2013 700 mA mit ready2mains Programmer, I-SELECT 2 Plugs oder DALI, Max. Ausgangsleistung 100 W, Bis<span class=\"excerpt-hellip\"> [\u2026]<\/span><\/p>\n","protected":false},"featured_media":369231,"template":"","meta":[],"product_brand":[],"product_cat":[84631],"product_tag":[],"class_list":{"0":"post-342116","1":"product","2":"type-product","3":"status-publish","4":"has-post-thumbnail","6":"product_cat-led-betriebsgeraet","8":"first","9":"outofstock","10":"taxable","11":"shipping-taxable","12":"product-type-simple"},"_links":{"self":[{"href":"https:\/\/www.arclite-shop.de\/en\/wp-json\/wp\/v2\/product\/342116","targetHints":{"allow":["GET"]}}],"collection":[{"href":"https:\/\/www.arclite-shop.de\/en\/wp-json\/wp\/v2\/product"}],"about":[{"href":"https:\/\/www.arclite-shop.de\/en\/wp-json\/wp\/v2\/types\/product"}],"wp:featuredmedia":[{"embeddable":true,"href":"https:\/\/www.arclite-shop.de\/en\/wp-json\/wp\/v2\/media\/369231"}],"wp:attachment":[{"href":"https:\/\/www.arclite-shop.de\/en\/wp-json\/wp\/v2\/media?parent=342116"}],"wp:term":[{"taxonomy":"product_brand","embeddable":true,"href":"https:\/\/www.arclite-shop.de\/en\/wp-json\/wp\/v2\/product_brand?post=342116"},{"taxonomy":"product_cat","embeddable":true,"href":"https:\/\/www.arclite-shop.de\/en\/wp-json\/wp\/v2\/product_cat?post=342116"},{"taxonomy":"product_tag","embeddable":true,"href":"https:\/\/www.arclite-shop.de\/en\/wp-json\/wp\/v2\/product_tag?post=342116"}],"curies":[{"name":"wp","href":"https:\/\/api.w.org\/{rel}","templated":true}]}}