{"id":342084,"date":"2024-10-31T10:29:38","date_gmt":"2024-10-31T09:29:38","guid":{"rendered":"https:\/\/www.arclite-shop.de\/produkt\/73-89800290\/"},"modified":"2026-04-29T12:10:20","modified_gmt":"2026-04-29T10:10:20","slug":"73-89800290","status":"publish","type":"product","link":"https:\/\/www.arclite-shop.de\/en\/produkt\/73-89800290\/","title":{"rendered":"TRIDONIC LED Driver Constant Voltage LCBU 25W 12V BASIC phase-cut SR 89800290"},"content":{"rendered":"<p>Dimmbar mittels Phasenan- und Phasenabschnittsdimmer, Ausgang wird analog gedimmt (Stromamplitude), Dimmbereich typ. 5 \u2013 100 % (abh\u00e4ngig vom Dimmer), Schutzart IP20, Schraubklemme, Anschlusskabel, Leitungsquerschnitt 0, 5 \u2013 2, 5 mm\u00b2, SELV, 12 V DC Ausgangsspannung, Ausgangsleistung 25 W, Nominale Lebensdauer von 50.000 h (bei ta max. 50 \u00b0C und einer Fehlerrate von = 0, 2 % pro 1.000 h), 5 Jahre Garantie, Geh\u00e4use: Polycarbonat, wei\u00df, Kompakte Abmessungen, \u00dcberlastschutz, Kurzschlussschutz, Leerlaufschutz<\/p>\n","protected":false},"excerpt":{"rendered":"<p>Dimmbar mittels Phasenan- und Phasenabschnittsdimmer, Ausgang wird analog gedimmt (Stromamplitude), Dimmbereich typ. 5 \u2013 100 % (abh\u00e4ngig vom Dimmer), Schutzart IP20, Schraubklemme, Anschlusskabel, Leitungsquerschnitt 0, 5 \u2013 2, 5 mm\u00b2, SELV, 12 V DC Ausgangsspannung, Ausgangsleistung 25 W, Nominale Lebensdauer<span class=\"excerpt-hellip\"> [\u2026]<\/span><\/p>\n","protected":false},"featured_media":369261,"template":"","meta":[],"product_brand":[],"product_cat":[84631],"product_tag":[],"class_list":{"0":"post-342084","1":"product","2":"type-product","3":"status-publish","4":"has-post-thumbnail","6":"product_cat-led-betriebsgeraet","8":"first","9":"instock","10":"taxable","11":"shipping-taxable","12":"product-type-simple"},"_links":{"self":[{"href":"https:\/\/www.arclite-shop.de\/en\/wp-json\/wp\/v2\/product\/342084","targetHints":{"allow":["GET"]}}],"collection":[{"href":"https:\/\/www.arclite-shop.de\/en\/wp-json\/wp\/v2\/product"}],"about":[{"href":"https:\/\/www.arclite-shop.de\/en\/wp-json\/wp\/v2\/types\/product"}],"wp:featuredmedia":[{"embeddable":true,"href":"https:\/\/www.arclite-shop.de\/en\/wp-json\/wp\/v2\/media\/369261"}],"wp:attachment":[{"href":"https:\/\/www.arclite-shop.de\/en\/wp-json\/wp\/v2\/media?parent=342084"}],"wp:term":[{"taxonomy":"product_brand","embeddable":true,"href":"https:\/\/www.arclite-shop.de\/en\/wp-json\/wp\/v2\/product_brand?post=342084"},{"taxonomy":"product_cat","embeddable":true,"href":"https:\/\/www.arclite-shop.de\/en\/wp-json\/wp\/v2\/product_cat?post=342084"},{"taxonomy":"product_tag","embeddable":true,"href":"https:\/\/www.arclite-shop.de\/en\/wp-json\/wp\/v2\/product_tag?post=342084"}],"curies":[{"name":"wp","href":"https:\/\/api.w.org\/{rel}","templated":true}]}}