{"id":342082,"date":"2024-10-31T10:29:37","date_gmt":"2024-10-31T09:29:37","guid":{"rendered":"https:\/\/www.arclite-shop.de\/produkt\/73-28000966\/"},"modified":"2026-04-18T17:22:49","modified_gmt":"2026-04-18T15:22:49","slug":"73-28000966","status":"publish","type":"product","link":"https:\/\/www.arclite-shop.de\/en\/produkt\/73-28000966\/","title":{"rendered":"TRIDONIC lighting control for lighting control connecDIM Gateway G1 28000966"},"content":{"rendered":"<p>Unabh\u00e4ngige Lichtsteuerung f\u00fcr bis zu 256 DALI Ger\u00e4te an 4 DALI Linien, Bei Verwendung mehrerer Gateways Erweiterung im gleichen Netzwerk, Cloud basierte Web Oberfl\u00e4che f\u00fcr \u00dcberwachung + Konfiguration, Einfaches Einrichten mit Apps auf mobilen Ger\u00e4ten, Status-LED, Tridonic DALI Schnittstelle RS232 PS\/S, Zusammenarbeit mit Tridonic DALI comfortDIM Portfolio, DALI kreis\u00fcbergreifend steuern via DALI XC, DALI touchPANEL und DALI MSensor, Programmierbare Kalenderfunktion, DALI Notlicht Testplanung + \u00dcberwachung \u00fcber connecDIM Cloud, Cloud basierte Wartung, eMail, Warnungen und visuelle \u00dcberwachung, Open JSON-RPC TCP-Steuerungsprotokoll zur Anbindung an Geb\u00e4udeautomation, 5 Jahre Garantie<\/p>\n","protected":false},"excerpt":{"rendered":"<p>Unabh\u00e4ngige Lichtsteuerung f\u00fcr bis zu 256 DALI Ger\u00e4te an 4 DALI Linien, Bei Verwendung mehrerer Gateways Erweiterung im gleichen Netzwerk, Cloud basierte Web Oberfl\u00e4che f\u00fcr \u00dcberwachung + Konfiguration, Einfaches Einrichten mit Apps auf mobilen Ger\u00e4ten, Status-LED, Tridonic DALI Schnittstelle RS232<span class=\"excerpt-hellip\"> [\u2026]<\/span><\/p>\n","protected":false},"featured_media":369263,"template":"","meta":[],"product_brand":[],"product_cat":[84938],"product_tag":[],"class_list":{"0":"post-342082","1":"product","2":"type-product","3":"status-publish","4":"has-post-thumbnail","6":"product_cat-steuergeraet-fuer-leuchten","8":"first","9":"instock","10":"taxable","11":"shipping-taxable","12":"product-type-simple"},"_links":{"self":[{"href":"https:\/\/www.arclite-shop.de\/en\/wp-json\/wp\/v2\/product\/342082","targetHints":{"allow":["GET"]}}],"collection":[{"href":"https:\/\/www.arclite-shop.de\/en\/wp-json\/wp\/v2\/product"}],"about":[{"href":"https:\/\/www.arclite-shop.de\/en\/wp-json\/wp\/v2\/types\/product"}],"wp:featuredmedia":[{"embeddable":true,"href":"https:\/\/www.arclite-shop.de\/en\/wp-json\/wp\/v2\/media\/369263"}],"wp:attachment":[{"href":"https:\/\/www.arclite-shop.de\/en\/wp-json\/wp\/v2\/media?parent=342082"}],"wp:term":[{"taxonomy":"product_brand","embeddable":true,"href":"https:\/\/www.arclite-shop.de\/en\/wp-json\/wp\/v2\/product_brand?post=342082"},{"taxonomy":"product_cat","embeddable":true,"href":"https:\/\/www.arclite-shop.de\/en\/wp-json\/wp\/v2\/product_cat?post=342082"},{"taxonomy":"product_tag","embeddable":true,"href":"https:\/\/www.arclite-shop.de\/en\/wp-json\/wp\/v2\/product_tag?post=342082"}],"curies":[{"name":"wp","href":"https:\/\/api.w.org\/{rel}","templated":true}]}}