{"id":342076,"date":"2024-10-31T10:29:33","date_gmt":"2024-10-31T09:29:33","guid":{"rendered":"https:\/\/www.arclite-shop.de\/produkt\/73-24034323\/"},"modified":"2026-04-18T17:22:55","modified_gmt":"2026-04-18T15:22:55","slug":"73-24034323","status":"publish","type":"product","link":"https:\/\/www.arclite-shop.de\/en\/produkt\/73-24034323\/","title":{"rendered":"TRIDONIC power supply for lighting control DALI PS1 24034323"},"content":{"rendered":"<p>Stromversorgung, 200 mA f\u00fcr DALI Betriebsger\u00e4te oder Steuermodule ohne eigene Stromversorgung, Aufbaugeh\u00e4use, 5 Jahre Garantie<\/p>\n","protected":false},"excerpt":{"rendered":"<p>Stromversorgung, 200 mA f\u00fcr DALI Betriebsger\u00e4te oder Steuermodule ohne eigene Stromversorgung, Aufbaugeh\u00e4use, 5 Jahre Garantie<\/p>\n","protected":false},"featured_media":369273,"template":"","meta":[],"product_brand":[],"product_cat":[84938],"product_tag":[],"class_list":{"0":"post-342076","1":"product","2":"type-product","3":"status-publish","4":"has-post-thumbnail","6":"product_cat-steuergeraet-fuer-leuchten","8":"first","9":"outofstock","10":"taxable","11":"shipping-taxable","12":"product-type-simple"},"_links":{"self":[{"href":"https:\/\/www.arclite-shop.de\/en\/wp-json\/wp\/v2\/product\/342076","targetHints":{"allow":["GET"]}}],"collection":[{"href":"https:\/\/www.arclite-shop.de\/en\/wp-json\/wp\/v2\/product"}],"about":[{"href":"https:\/\/www.arclite-shop.de\/en\/wp-json\/wp\/v2\/types\/product"}],"wp:featuredmedia":[{"embeddable":true,"href":"https:\/\/www.arclite-shop.de\/en\/wp-json\/wp\/v2\/media\/369273"}],"wp:attachment":[{"href":"https:\/\/www.arclite-shop.de\/en\/wp-json\/wp\/v2\/media?parent=342076"}],"wp:term":[{"taxonomy":"product_brand","embeddable":true,"href":"https:\/\/www.arclite-shop.de\/en\/wp-json\/wp\/v2\/product_brand?post=342076"},{"taxonomy":"product_cat","embeddable":true,"href":"https:\/\/www.arclite-shop.de\/en\/wp-json\/wp\/v2\/product_cat?post=342076"},{"taxonomy":"product_tag","embeddable":true,"href":"https:\/\/www.arclite-shop.de\/en\/wp-json\/wp\/v2\/product_tag?post=342076"}],"curies":[{"name":"wp","href":"https:\/\/api.w.org\/{rel}","templated":true}]}}