{"id":342072,"date":"2024-10-31T10:29:29","date_gmt":"2024-10-31T09:29:29","guid":{"rendered":"https:\/\/www.arclite-shop.de\/produkt\/73-87500282\/"},"modified":"2026-04-18T17:23:07","modified_gmt":"2026-04-18T15:23:07","slug":"73-87500282","status":"publish","type":"product","link":"https:\/\/www.arclite-shop.de\/en\/produkt\/73-87500282\/","title":{"rendered":"TRIDONIC LED Driver Constant Current 220-240VAC 180mA 10W Dimmable 87500282"},"content":{"rendered":"<p>Dimmbarer Konstantstrom LED-Treiber f\u00fcr den Einbau in Leuchten, Ausgangsstrom 180 mA, Leistung 10 W, bis zu 50.000 h, SELV, Dimmbar mit 1-10V + Phasenan- und Phasenabschnittsdimmer, Ausgangsdimmung analog (Stromamplitude), Dimmbereich typ. 10 \u2013 100 % (abh\u00e4ngig vom Dimmer), F\u00fcr Leuchten Schutzklasse I und II, Temperaturschutz gem\u00e4\u00df EN 61347-2-13 C5e, 5 Jahre Garantie, Geh\u00e4use: Polycarbonat, wei\u00df, IP20, Steckklemmen, Schutz gegen \u00dcberlast, Kurzschluss, Leerlauf, Kein \u00dcberschwingen des Ausgangsstromes bei ein- oder ausgeschaltetem Netz.<\/p>\n","protected":false},"excerpt":{"rendered":"<p>Dimmbarer Konstantstrom LED-Treiber f\u00fcr den Einbau in Leuchten, Ausgangsstrom 180 mA, Leistung 10 W, bis zu 50.000 h, SELV, Dimmbar mit 1-10V + Phasenan- und Phasenabschnittsdimmer, Ausgangsdimmung analog (Stromamplitude), Dimmbereich typ. 10 \u2013 100 % (abh\u00e4ngig vom Dimmer), F\u00fcr Leuchten<span class=\"excerpt-hellip\"> [\u2026]<\/span><\/p>\n","protected":false},"featured_media":369275,"template":"","meta":[],"product_brand":[],"product_cat":[84631],"product_tag":[],"class_list":{"0":"post-342072","1":"product","2":"type-product","3":"status-publish","4":"has-post-thumbnail","6":"product_cat-led-betriebsgeraet","8":"first","9":"instock","10":"taxable","11":"shipping-taxable","12":"product-type-simple"},"_links":{"self":[{"href":"https:\/\/www.arclite-shop.de\/en\/wp-json\/wp\/v2\/product\/342072","targetHints":{"allow":["GET"]}}],"collection":[{"href":"https:\/\/www.arclite-shop.de\/en\/wp-json\/wp\/v2\/product"}],"about":[{"href":"https:\/\/www.arclite-shop.de\/en\/wp-json\/wp\/v2\/types\/product"}],"wp:featuredmedia":[{"embeddable":true,"href":"https:\/\/www.arclite-shop.de\/en\/wp-json\/wp\/v2\/media\/369275"}],"wp:attachment":[{"href":"https:\/\/www.arclite-shop.de\/en\/wp-json\/wp\/v2\/media?parent=342072"}],"wp:term":[{"taxonomy":"product_brand","embeddable":true,"href":"https:\/\/www.arclite-shop.de\/en\/wp-json\/wp\/v2\/product_brand?post=342072"},{"taxonomy":"product_cat","embeddable":true,"href":"https:\/\/www.arclite-shop.de\/en\/wp-json\/wp\/v2\/product_cat?post=342072"},{"taxonomy":"product_tag","embeddable":true,"href":"https:\/\/www.arclite-shop.de\/en\/wp-json\/wp\/v2\/product_tag?post=342072"}],"curies":[{"name":"wp","href":"https:\/\/api.w.org\/{rel}","templated":true}]}}