{"id":342067,"date":"2024-10-31T10:29:26","date_gmt":"2024-10-31T09:29:26","guid":{"rendered":"https:\/\/www.arclite-shop.de\/produkt\/73-87500603\/"},"modified":"2026-04-18T17:23:13","modified_gmt":"2026-04-18T15:23:13","slug":"73-87500603","status":"publish","type":"product","link":"https:\/\/www.arclite-shop.de\/en\/produkt\/73-87500603\/","title":{"rendered":"TRIDONIC LED Driver Constant Current 220-240VAC 300\/450\/500mA 12.6\/18.9\/21W Dimmable 87500603"},"content":{"rendered":"<p>Dimmbarer Konstantstrom LED-Treiber (SELV), Zugentlastung, Ausgangsstrom 300, 450 oder 500 mA, Max. Leistung 21 W, Bis zu 82 % Effizienz, Dimmbar mittels Phasenan- und Phasenabschnittsdimmer, Dimmbereich 5 \u2013 100 % (abh\u00e4ngig vom Dimmer), Nominale Lebensdauer bis zu 50.000 h, F\u00fcr Leuchten der Schutzklasse I + II, F\u00fcr Leuchten mit M + MM gem\u00e4\u00df EN 60598, VDE 0710 und VDE 0711, Temperaturschutz gem\u00e4\u00df EN 61347-2-13 C5e, 5 Jahre Garantie, Geh\u00e4use: Polycarbonat, wei\u00df, IP20, 0\u00b0 Schraubklemmen, Schutz gegen \u00dcberlast, Kurzschluss, Leerlauf, \u00dcbertemperatur, Burst-Spannungen 1 kV, Surge-Spannungen 1 kV (zwischen L und N), Surge-Spannungen 2 kV (zwischen L\/N und Erde)<\/p>\n","protected":false},"excerpt":{"rendered":"<p>Dimmbarer Konstantstrom LED-Treiber (SELV), Zugentlastung, Ausgangsstrom 300, 450 oder 500 mA, Max. Leistung 21 W, Bis zu 82 % Effizienz, Dimmbar mittels Phasenan- und Phasenabschnittsdimmer, Dimmbereich 5 \u2013 100 % (abh\u00e4ngig vom Dimmer), Nominale Lebensdauer bis zu 50.000 h, F\u00fcr<span class=\"excerpt-hellip\"> [\u2026]<\/span><\/p>\n","protected":false},"featured_media":369283,"template":"","meta":[],"product_brand":[],"product_cat":[84631],"product_tag":[],"class_list":{"0":"post-342067","1":"product","2":"type-product","3":"status-publish","4":"has-post-thumbnail","6":"product_cat-led-betriebsgeraet","8":"first","9":"instock","10":"taxable","11":"shipping-taxable","12":"product-type-simple"},"_links":{"self":[{"href":"https:\/\/www.arclite-shop.de\/en\/wp-json\/wp\/v2\/product\/342067","targetHints":{"allow":["GET"]}}],"collection":[{"href":"https:\/\/www.arclite-shop.de\/en\/wp-json\/wp\/v2\/product"}],"about":[{"href":"https:\/\/www.arclite-shop.de\/en\/wp-json\/wp\/v2\/types\/product"}],"wp:featuredmedia":[{"embeddable":true,"href":"https:\/\/www.arclite-shop.de\/en\/wp-json\/wp\/v2\/media\/369283"}],"wp:attachment":[{"href":"https:\/\/www.arclite-shop.de\/en\/wp-json\/wp\/v2\/media?parent=342067"}],"wp:term":[{"taxonomy":"product_brand","embeddable":true,"href":"https:\/\/www.arclite-shop.de\/en\/wp-json\/wp\/v2\/product_brand?post=342067"},{"taxonomy":"product_cat","embeddable":true,"href":"https:\/\/www.arclite-shop.de\/en\/wp-json\/wp\/v2\/product_cat?post=342067"},{"taxonomy":"product_tag","embeddable":true,"href":"https:\/\/www.arclite-shop.de\/en\/wp-json\/wp\/v2\/product_tag?post=342067"}],"curies":[{"name":"wp","href":"https:\/\/api.w.org\/{rel}","templated":true}]}}