{"id":342058,"date":"2024-10-31T10:29:21","date_gmt":"2024-10-31T09:29:21","guid":{"rendered":"https:\/\/www.arclite-shop.de\/produkt\/73-28000704\/"},"modified":"2026-04-18T17:23:33","modified_gmt":"2026-04-18T15:23:33","slug":"73-28000704","status":"publish","type":"product","link":"https:\/\/www.arclite-shop.de\/en\/produkt\/73-28000704\/","title":{"rendered":"TRIDONIC LED Driver Constant Current 220-240VAC 150-400mA 6-10W ready2mains 28000704"},"content":{"rendered":"<p>Konstantstrom LED-Treiber, ready2mains Gateway, Leistung 6-10 W, Eingangsspannung AC\/DC, Ausgangsstrom 150 \u2013 400 mA mit ready2mains Programmer oder I-SELECT 2 Plugs, Bis zu 81 % Effizienz, bis zu 100.000 h, 5 Jahre Garantie, Geh\u00e4use Polycarbonat weiss, IP20, Zugentlastung (Durchgangsverdrahtung m\u00f6glich), 45\u00b0 \/ 0\u00b0 Steckklemmen, Ausgangsstrom in 1-mA-Schritten (ready2mains, I-SELECT 2), Schutz bei \u00dcbertemperatur, Kurzschluss, \u00dcberlast, Leerlauf, Eingangsspannung, F\u00fcr Sicherheitsbeleuchtung gem\u00e4ss EN 50172, bis 2, 5 mm\u00b2 Kabel, Anwendungsorientiertes Betriebsfenster, Werkzeuglose Montage.<\/p>\n","protected":false},"excerpt":{"rendered":"<p>Konstantstrom LED-Treiber, ready2mains Gateway, Leistung 6-10 W, Eingangsspannung AC\/DC, Ausgangsstrom 150 \u2013 400 mA mit ready2mains Programmer oder I-SELECT 2 Plugs, Bis zu 81 % Effizienz, bis zu 100.000 h, 5 Jahre Garantie, Geh\u00e4use Polycarbonat weiss, IP20, Zugentlastung (Durchgangsverdrahtung m\u00f6glich),<span class=\"excerpt-hellip\"> [\u2026]<\/span><\/p>\n","protected":false},"featured_media":369297,"template":"","meta":[],"product_brand":[],"product_cat":[84631],"product_tag":[],"class_list":{"0":"post-342058","1":"product","2":"type-product","3":"status-publish","4":"has-post-thumbnail","6":"product_cat-led-betriebsgeraet","8":"first","9":"instock","10":"taxable","11":"shipping-taxable","12":"product-type-simple"},"_links":{"self":[{"href":"https:\/\/www.arclite-shop.de\/en\/wp-json\/wp\/v2\/product\/342058","targetHints":{"allow":["GET"]}}],"collection":[{"href":"https:\/\/www.arclite-shop.de\/en\/wp-json\/wp\/v2\/product"}],"about":[{"href":"https:\/\/www.arclite-shop.de\/en\/wp-json\/wp\/v2\/types\/product"}],"wp:featuredmedia":[{"embeddable":true,"href":"https:\/\/www.arclite-shop.de\/en\/wp-json\/wp\/v2\/media\/369297"}],"wp:attachment":[{"href":"https:\/\/www.arclite-shop.de\/en\/wp-json\/wp\/v2\/media?parent=342058"}],"wp:term":[{"taxonomy":"product_brand","embeddable":true,"href":"https:\/\/www.arclite-shop.de\/en\/wp-json\/wp\/v2\/product_brand?post=342058"},{"taxonomy":"product_cat","embeddable":true,"href":"https:\/\/www.arclite-shop.de\/en\/wp-json\/wp\/v2\/product_cat?post=342058"},{"taxonomy":"product_tag","embeddable":true,"href":"https:\/\/www.arclite-shop.de\/en\/wp-json\/wp\/v2\/product_tag?post=342058"}],"curies":[{"name":"wp","href":"https:\/\/api.w.org\/{rel}","templated":true}]}}