{"id":342055,"date":"2024-10-31T10:29:19","date_gmt":"2024-10-31T09:29:19","guid":{"rendered":"https:\/\/www.arclite-shop.de\/produkt\/73-28000672\/"},"modified":"2026-04-18T17:23:39","modified_gmt":"2026-04-18T15:23:39","slug":"73-28000672","status":"publish","type":"product","link":"https:\/\/www.arclite-shop.de\/en\/produkt\/73-28000672\/","title":{"rendered":"TRIDONIC LED Driver Constant Current 220-240VAC 500-1400mA 25-44.9W one4all 28000672"},"content":{"rendered":"<p>Konstantstrom LED-Treiber, Dimmbar mit DALI, DSI, switch DIM, corridor FUNCTION, ready2mains Gateway, Leistung 25 &#8211; 44, 9 W, Dimmbereich 15 \u2013 100 % (Lastabh\u00e4ngig), Ausgangsstrom 500 \u2013 1.400 mA mit ready2mains Programmer oder I-SELECT 2 Plugs, Bis zu 81 % Effizienz, bis zu 100.000 h, 5 Jahre Garantie, Geh\u00e4use Polycarbonat weiss, IP20, Zugentlastung (Durchgangsverdrahtung m\u00f6glich), Steckklemmen, Ausgangsstrom in 1-mA-Schritten (ready2mains, I-SELECT 2), Schutz bei \u00dcbertemperatur, Kurzschluss, \u00dcberlast, Leerlauf, Eingangsspannung, F\u00fcr Sicherheitsbeleuchtung gem\u00e4ss EN 50172, bis 2, 5 mm\u00b2 Kabel, Anwendungsorientiertes Betriebsfenster, Werkzeuglose Montage.<\/p>\n","protected":false},"excerpt":{"rendered":"<p>Konstantstrom LED-Treiber, Dimmbar mit DALI, DSI, switch DIM, corridor FUNCTION, ready2mains Gateway, Leistung 25 &#8211; 44, 9 W, Dimmbereich 15 \u2013 100 % (Lastabh\u00e4ngig), Ausgangsstrom 500 \u2013 1.400 mA mit ready2mains Programmer oder I-SELECT 2 Plugs, Bis zu 81 %<span class=\"excerpt-hellip\"> [\u2026]<\/span><\/p>\n","protected":false},"featured_media":369303,"template":"","meta":[],"product_brand":[],"product_cat":[84631],"product_tag":[],"class_list":{"0":"post-342055","1":"product","2":"type-product","3":"status-publish","4":"has-post-thumbnail","6":"product_cat-led-betriebsgeraet","8":"first","9":"instock","10":"taxable","11":"shipping-taxable","12":"product-type-simple"},"_links":{"self":[{"href":"https:\/\/www.arclite-shop.de\/en\/wp-json\/wp\/v2\/product\/342055","targetHints":{"allow":["GET"]}}],"collection":[{"href":"https:\/\/www.arclite-shop.de\/en\/wp-json\/wp\/v2\/product"}],"about":[{"href":"https:\/\/www.arclite-shop.de\/en\/wp-json\/wp\/v2\/types\/product"}],"wp:featuredmedia":[{"embeddable":true,"href":"https:\/\/www.arclite-shop.de\/en\/wp-json\/wp\/v2\/media\/369303"}],"wp:attachment":[{"href":"https:\/\/www.arclite-shop.de\/en\/wp-json\/wp\/v2\/media?parent=342055"}],"wp:term":[{"taxonomy":"product_brand","embeddable":true,"href":"https:\/\/www.arclite-shop.de\/en\/wp-json\/wp\/v2\/product_brand?post=342055"},{"taxonomy":"product_cat","embeddable":true,"href":"https:\/\/www.arclite-shop.de\/en\/wp-json\/wp\/v2\/product_cat?post=342055"},{"taxonomy":"product_tag","embeddable":true,"href":"https:\/\/www.arclite-shop.de\/en\/wp-json\/wp\/v2\/product_tag?post=342055"}],"curies":[{"name":"wp","href":"https:\/\/api.w.org\/{rel}","templated":true}]}}