{"id":342040,"date":"2024-10-31T10:29:08","date_gmt":"2024-10-31T09:29:08","guid":{"rendered":"https:\/\/www.arclite-shop.de\/produkt\/73-87501051\/"},"modified":"2026-04-18T17:24:09","modified_gmt":"2026-04-18T15:24:09","slug":"73-87501051","status":"publish","type":"product","link":"https:\/\/www.arclite-shop.de\/en\/produkt\/73-87501051\/","title":{"rendered":"TRIDONIC LED Driver Constant Voltage LC 60W 24V SC SNC2 87501051"},"content":{"rendered":"<p>Kompakter Konstantspannungs-LED-Treiber mit einer Leistungsaufnahme von weniger als 0,5 W im Leerlauf, der es jetzt erm\u00f6glicht, Tridonic-Treiber ausgangsseitig an einen Dimmer oder Taster anzuschlie\u00dfen, wenn die Anwendung dies erfordert. Dimmbar mit externem PWM-LED-Dimmer gem\u00e4\u00df \u00d6kodesign-Richtlinien.<\/p>\n","protected":false},"excerpt":{"rendered":"<p>Kompakter Konstantspannungs-LED-Treiber mit einer Leistungsaufnahme von weniger als 0,5 W im Leerlauf, der es jetzt erm\u00f6glicht, Tridonic-Treiber ausgangsseitig an einen Dimmer oder Taster anzuschlie\u00dfen, wenn die Anwendung dies erfordert. Dimmbar mit externem PWM-LED-Dimmer gem\u00e4\u00df \u00d6kodesign-Richtlinien.<\/p>\n","protected":false},"featured_media":369321,"template":"","meta":[],"product_brand":[],"product_cat":[84631],"product_tag":[],"class_list":{"0":"post-342040","1":"product","2":"type-product","3":"status-publish","4":"has-post-thumbnail","6":"product_cat-led-betriebsgeraet","8":"first","9":"outofstock","10":"taxable","11":"shipping-taxable","12":"product-type-simple"},"_links":{"self":[{"href":"https:\/\/www.arclite-shop.de\/en\/wp-json\/wp\/v2\/product\/342040","targetHints":{"allow":["GET"]}}],"collection":[{"href":"https:\/\/www.arclite-shop.de\/en\/wp-json\/wp\/v2\/product"}],"about":[{"href":"https:\/\/www.arclite-shop.de\/en\/wp-json\/wp\/v2\/types\/product"}],"wp:featuredmedia":[{"embeddable":true,"href":"https:\/\/www.arclite-shop.de\/en\/wp-json\/wp\/v2\/media\/369321"}],"wp:attachment":[{"href":"https:\/\/www.arclite-shop.de\/en\/wp-json\/wp\/v2\/media?parent=342040"}],"wp:term":[{"taxonomy":"product_brand","embeddable":true,"href":"https:\/\/www.arclite-shop.de\/en\/wp-json\/wp\/v2\/product_brand?post=342040"},{"taxonomy":"product_cat","embeddable":true,"href":"https:\/\/www.arclite-shop.de\/en\/wp-json\/wp\/v2\/product_cat?post=342040"},{"taxonomy":"product_tag","embeddable":true,"href":"https:\/\/www.arclite-shop.de\/en\/wp-json\/wp\/v2\/product_tag?post=342040"}],"curies":[{"name":"wp","href":"https:\/\/api.w.org\/{rel}","templated":true}]}}