{"id":342011,"date":"2024-10-31T10:28:49","date_gmt":"2024-10-31T09:28:49","guid":{"rendered":"https:\/\/www.arclite-shop.de\/produkt\/702-aa1100266\/"},"modified":"2026-04-18T17:26:24","modified_gmt":"2026-04-18T15:26:24","slug":"702-aa1100266","status":"publish","type":"product","link":"https:\/\/www.arclite-shop.de\/en\/produkt\/702-aa1100266\/","title":{"rendered":"Bracket with 3m rope suspension, black for lineCENTURY 4000 AA1100266"},"content":{"rendered":"<p>Schnellmontage-Halterung f\u00fcr Deckenmontage MB1 C3 schwarz, 1xF8, 2mm mit 3m Seilabh\u00e4ngung f\u00fcr lineCENTURY 4000<\/p>\n","protected":false},"excerpt":{"rendered":"<p>Schnellmontage-Halterung f\u00fcr Deckenmontage MB1 C3 schwarz, 1xF8, 2mm mit 3m Seilabh\u00e4ngung f\u00fcr lineCENTURY 4000<\/p>\n","protected":false},"featured_media":369351,"template":"","meta":[],"product_brand":[],"product_cat":[84591],"product_tag":[],"class_list":{"0":"post-342011","1":"product","2":"type-product","3":"status-publish","4":"has-post-thumbnail","6":"product_cat-mechanisches-zubehoer-ersatzteile-fuer-leuchten","8":"first","9":"instock","10":"taxable","11":"shipping-taxable","12":"product-type-simple"},"_links":{"self":[{"href":"https:\/\/www.arclite-shop.de\/en\/wp-json\/wp\/v2\/product\/342011","targetHints":{"allow":["GET"]}}],"collection":[{"href":"https:\/\/www.arclite-shop.de\/en\/wp-json\/wp\/v2\/product"}],"about":[{"href":"https:\/\/www.arclite-shop.de\/en\/wp-json\/wp\/v2\/types\/product"}],"wp:featuredmedia":[{"embeddable":true,"href":"https:\/\/www.arclite-shop.de\/en\/wp-json\/wp\/v2\/media\/369351"}],"wp:attachment":[{"href":"https:\/\/www.arclite-shop.de\/en\/wp-json\/wp\/v2\/media?parent=342011"}],"wp:term":[{"taxonomy":"product_brand","embeddable":true,"href":"https:\/\/www.arclite-shop.de\/en\/wp-json\/wp\/v2\/product_brand?post=342011"},{"taxonomy":"product_cat","embeddable":true,"href":"https:\/\/www.arclite-shop.de\/en\/wp-json\/wp\/v2\/product_cat?post=342011"},{"taxonomy":"product_tag","embeddable":true,"href":"https:\/\/www.arclite-shop.de\/en\/wp-json\/wp\/v2\/product_tag?post=342011"}],"curies":[{"name":"wp","href":"https:\/\/api.w.org\/{rel}","templated":true}]}}