{"id":342003,"date":"2024-10-31T10:28:44","date_gmt":"2024-10-31T09:28:44","guid":{"rendered":"https:\/\/www.arclite-shop.de\/produkt\/702-aa1100176\/"},"modified":"2026-04-18T17:27:47","modified_gmt":"2026-04-18T15:27:47","slug":"702-aa1100176","status":"publish","type":"product","link":"https:\/\/www.arclite-shop.de\/en\/produkt\/702-aa1100176\/","title":{"rendered":"Universal 1 Schuko socket, white for all standard 3-phase busbars AA1100176"},"content":{"rendered":"<p>Universal einfach Schutzkontaktsteckdose f\u00fcr f\u00fcr 3-Phasen Stromschienen kompatibel mit allen g\u00e4ngigen 3-Phasen Schienen 220-240V, max6A max1300W, IP20, RAL9016 weiss<\/p>\n","protected":false},"excerpt":{"rendered":"<p>Universal einfach Schutzkontaktsteckdose f\u00fcr f\u00fcr 3-Phasen Stromschienen kompatibel mit allen g\u00e4ngigen 3-Phasen Schienen 220-240V, max6A max1300W, IP20, RAL9016 weiss<\/p>\n","protected":false},"featured_media":369369,"template":"","meta":[],"product_brand":[],"product_cat":[84574],"product_tag":[],"class_list":{"0":"post-342003","1":"product","2":"type-product","3":"status-publish","4":"has-post-thumbnail","6":"product_cat-elektrisches-zubehoer-ersatzteile-fuer-leuchten","8":"first","9":"instock","10":"taxable","11":"shipping-taxable","12":"product-type-simple"},"_links":{"self":[{"href":"https:\/\/www.arclite-shop.de\/en\/wp-json\/wp\/v2\/product\/342003","targetHints":{"allow":["GET"]}}],"collection":[{"href":"https:\/\/www.arclite-shop.de\/en\/wp-json\/wp\/v2\/product"}],"about":[{"href":"https:\/\/www.arclite-shop.de\/en\/wp-json\/wp\/v2\/types\/product"}],"wp:featuredmedia":[{"embeddable":true,"href":"https:\/\/www.arclite-shop.de\/en\/wp-json\/wp\/v2\/media\/369369"}],"wp:attachment":[{"href":"https:\/\/www.arclite-shop.de\/en\/wp-json\/wp\/v2\/media?parent=342003"}],"wp:term":[{"taxonomy":"product_brand","embeddable":true,"href":"https:\/\/www.arclite-shop.de\/en\/wp-json\/wp\/v2\/product_brand?post=342003"},{"taxonomy":"product_cat","embeddable":true,"href":"https:\/\/www.arclite-shop.de\/en\/wp-json\/wp\/v2\/product_cat?post=342003"},{"taxonomy":"product_tag","embeddable":true,"href":"https:\/\/www.arclite-shop.de\/en\/wp-json\/wp\/v2\/product_tag?post=342003"}],"curies":[{"name":"wp","href":"https:\/\/api.w.org\/{rel}","templated":true}]}}