{"id":341965,"date":"2024-10-31T10:28:19","date_gmt":"2024-10-31T09:28:19","guid":{"rendered":"https:\/\/www.arclite-shop.de\/produkt\/702-aa1100209\/"},"modified":"2026-04-18T17:32:29","modified_gmt":"2026-04-18T15:32:29","slug":"702-aa1100209","status":"publish","type":"product","link":"https:\/\/www.arclite-shop.de\/en\/produkt\/702-aa1100209\/","title":{"rendered":"Rope suspension for EUTRAC ONETRAC suitable for 3-phase mounting rail DALI ONETRACK, incl. pendulum clip, steel cable and ceiling attachment 6200 mm - black AA1100209 "},"content":{"rendered":"<p>Seilabh\u00e4ngung f\u00fcr DALI ONETRACK, geeignet f\u00fcr 3-Phasen Aufbauschiene, inkl. Pendelclip, Stahlseil und Deckenbefestigung 6200 mm &#8211; schwarz<\/p>\n","protected":false},"excerpt":{"rendered":"<p>Seilabh\u00e4ngung f\u00fcr DALI ONETRACK, geeignet f\u00fcr 3-Phasen Aufbauschiene, inkl. Pendelclip, Stahlseil und Deckenbefestigung 6200 mm &#8211; schwarz<\/p>\n","protected":false},"featured_media":369419,"template":"","meta":[],"product_brand":[],"product_cat":[84591],"product_tag":[],"class_list":{"0":"post-341965","1":"product","2":"type-product","3":"status-publish","4":"has-post-thumbnail","6":"product_cat-mechanisches-zubehoer-ersatzteile-fuer-leuchten","8":"first","9":"instock","10":"taxable","11":"shipping-taxable","12":"product-type-simple"},"_links":{"self":[{"href":"https:\/\/www.arclite-shop.de\/en\/wp-json\/wp\/v2\/product\/341965","targetHints":{"allow":["GET"]}}],"collection":[{"href":"https:\/\/www.arclite-shop.de\/en\/wp-json\/wp\/v2\/product"}],"about":[{"href":"https:\/\/www.arclite-shop.de\/en\/wp-json\/wp\/v2\/types\/product"}],"wp:featuredmedia":[{"embeddable":true,"href":"https:\/\/www.arclite-shop.de\/en\/wp-json\/wp\/v2\/media\/369419"}],"wp:attachment":[{"href":"https:\/\/www.arclite-shop.de\/en\/wp-json\/wp\/v2\/media?parent=341965"}],"wp:term":[{"taxonomy":"product_brand","embeddable":true,"href":"https:\/\/www.arclite-shop.de\/en\/wp-json\/wp\/v2\/product_brand?post=341965"},{"taxonomy":"product_cat","embeddable":true,"href":"https:\/\/www.arclite-shop.de\/en\/wp-json\/wp\/v2\/product_cat?post=341965"},{"taxonomy":"product_tag","embeddable":true,"href":"https:\/\/www.arclite-shop.de\/en\/wp-json\/wp\/v2\/product_tag?post=341965"}],"curies":[{"name":"wp","href":"https:\/\/api.w.org\/{rel}","templated":true}]}}