{"id":341945,"date":"2024-10-31T10:28:04","date_gmt":"2024-10-31T09:28:04","guid":{"rendered":"https:\/\/www.arclite-shop.de\/produkt\/702-aa1100107\/"},"modified":"2026-04-18T17:34:26","modified_gmt":"2026-04-18T15:34:26","slug":"702-aa1100107","status":"publish","type":"product","link":"https:\/\/www.arclite-shop.de\/en\/produkt\/702-aa1100107\/","title":{"rendered":"Rope suspension for EUTRAC suitable for 3-phase superstructure rail, incl. pendulum clip, steel cable and ceiling attachment 6200 mm - silver AA1100107 "},"content":{"rendered":"<p>Seilabh\u00e4ngung f\u00fcr EUTRAC, geeignet f\u00fcr 3-Phasen Aufbauschiene, inkl. Pendelclip, Stahlseil und Deckenbefestigung 6200 mm &#8211; silber<\/p>\n","protected":false},"excerpt":{"rendered":"<p>Seilabh\u00e4ngung f\u00fcr EUTRAC, geeignet f\u00fcr 3-Phasen Aufbauschiene, inkl. Pendelclip, Stahlseil und Deckenbefestigung 6200 mm &#8211; silber<\/p>\n","protected":false},"featured_media":369435,"template":"","meta":[],"product_brand":[],"product_cat":[84591],"product_tag":[],"class_list":{"0":"post-341945","1":"product","2":"type-product","3":"status-publish","4":"has-post-thumbnail","6":"product_cat-mechanisches-zubehoer-ersatzteile-fuer-leuchten","8":"first","9":"instock","10":"taxable","11":"shipping-taxable","12":"product-type-simple"},"_links":{"self":[{"href":"https:\/\/www.arclite-shop.de\/en\/wp-json\/wp\/v2\/product\/341945","targetHints":{"allow":["GET"]}}],"collection":[{"href":"https:\/\/www.arclite-shop.de\/en\/wp-json\/wp\/v2\/product"}],"about":[{"href":"https:\/\/www.arclite-shop.de\/en\/wp-json\/wp\/v2\/types\/product"}],"wp:featuredmedia":[{"embeddable":true,"href":"https:\/\/www.arclite-shop.de\/en\/wp-json\/wp\/v2\/media\/369435"}],"wp:attachment":[{"href":"https:\/\/www.arclite-shop.de\/en\/wp-json\/wp\/v2\/media?parent=341945"}],"wp:term":[{"taxonomy":"product_brand","embeddable":true,"href":"https:\/\/www.arclite-shop.de\/en\/wp-json\/wp\/v2\/product_brand?post=341945"},{"taxonomy":"product_cat","embeddable":true,"href":"https:\/\/www.arclite-shop.de\/en\/wp-json\/wp\/v2\/product_cat?post=341945"},{"taxonomy":"product_tag","embeddable":true,"href":"https:\/\/www.arclite-shop.de\/en\/wp-json\/wp\/v2\/product_tag?post=341945"}],"curies":[{"name":"wp","href":"https:\/\/api.w.org\/{rel}","templated":true}]}}