{"id":341825,"date":"2024-10-31T10:26:56","date_gmt":"2024-10-31T09:26:56","guid":{"rendered":"https:\/\/www.arclite-shop.de\/produkt\/597-gb36-3\/"},"modified":"2026-04-18T17:45:08","modified_gmt":"2026-04-18T15:45:08","slug":"597-gb36-3","status":"publish","type":"product","link":"https:\/\/www.arclite-shop.de\/en\/produkt\/597-gb36-3\/","title":{"rendered":"GLOBAL Trac Base T-Connector for 1-Phase Surface-mounted Rail, Protective Conductor Outside, Right, with Feed-in Option - white GB36-3"},"content":{"rendered":"<p>GLOBAL Trac Base T-Verbinder f\u00fcr 1-Phasen Aufbauschiene, Schutzleiter au\u00dfen, rechts, mit Einspeisem\u00f6glichkeit &#8211; grau<\/p>\n","protected":false},"excerpt":{"rendered":"<p>GLOBAL Trac Base T-Verbinder f\u00fcr 1-Phasen Aufbauschiene, Schutzleiter au\u00dfen, rechts, mit Einspeisem\u00f6glichkeit &#8211; grau<\/p>\n","protected":false},"featured_media":369605,"template":"","meta":[],"product_brand":[],"product_cat":[84574],"product_tag":[],"class_list":{"0":"post-341825","1":"product","2":"type-product","3":"status-publish","4":"has-post-thumbnail","6":"product_cat-elektrisches-zubehoer-ersatzteile-fuer-leuchten","8":"first","9":"instock","10":"taxable","11":"shipping-taxable","12":"product-type-simple"},"_links":{"self":[{"href":"https:\/\/www.arclite-shop.de\/en\/wp-json\/wp\/v2\/product\/341825","targetHints":{"allow":["GET"]}}],"collection":[{"href":"https:\/\/www.arclite-shop.de\/en\/wp-json\/wp\/v2\/product"}],"about":[{"href":"https:\/\/www.arclite-shop.de\/en\/wp-json\/wp\/v2\/types\/product"}],"wp:featuredmedia":[{"embeddable":true,"href":"https:\/\/www.arclite-shop.de\/en\/wp-json\/wp\/v2\/media\/369605"}],"wp:attachment":[{"href":"https:\/\/www.arclite-shop.de\/en\/wp-json\/wp\/v2\/media?parent=341825"}],"wp:term":[{"taxonomy":"product_brand","embeddable":true,"href":"https:\/\/www.arclite-shop.de\/en\/wp-json\/wp\/v2\/product_brand?post=341825"},{"taxonomy":"product_cat","embeddable":true,"href":"https:\/\/www.arclite-shop.de\/en\/wp-json\/wp\/v2\/product_cat?post=341825"},{"taxonomy":"product_tag","embeddable":true,"href":"https:\/\/www.arclite-shop.de\/en\/wp-json\/wp\/v2\/product_tag?post=341825"}],"curies":[{"name":"wp","href":"https:\/\/api.w.org\/{rel}","templated":true}]}}