{"id":341776,"date":"2024-10-31T10:26:23","date_gmt":"2024-10-31T09:26:23","guid":{"rendered":"https:\/\/www.arclite-shop.de\/produkt\/597-xtsa-71-2\/"},"modified":"2026-04-18T17:48:21","modified_gmt":"2026-04-18T15:48:21","slug":"597-xtsa-71-2","status":"publish","type":"product","link":"https:\/\/www.arclite-shop.de\/en\/produkt\/597-xtsa-71-2\/","title":{"rendered":"GLOBAL Trac Pro FIX-Point Recessed Socket for FIX-Point GA 70, 50N, up to ceiling thickness 30mm, for \u00d8 105 - 125 mm - black XTSA 71-2"},"content":{"rendered":"<p>GLOBAL Trac Pro FIX-point Deckeneinbaudose f\u00fcr FIX-point, 50N, bis Deckenst\u00e4rke 30mm schwarz <\/p>\n","protected":false},"excerpt":{"rendered":"<p>GLOBAL Trac Pro FIX-point Deckeneinbaudose f\u00fcr FIX-point, 50N, bis Deckenst\u00e4rke 30mm schwarz<\/p>\n","protected":false},"featured_media":369673,"template":"","meta":[],"product_brand":[],"product_cat":[84591],"product_tag":[],"class_list":{"0":"post-341776","1":"product","2":"type-product","3":"status-publish","4":"has-post-thumbnail","6":"product_cat-mechanisches-zubehoer-ersatzteile-fuer-leuchten","8":"first","9":"instock","10":"taxable","11":"shipping-taxable","12":"product-type-simple"},"_links":{"self":[{"href":"https:\/\/www.arclite-shop.de\/en\/wp-json\/wp\/v2\/product\/341776","targetHints":{"allow":["GET"]}}],"collection":[{"href":"https:\/\/www.arclite-shop.de\/en\/wp-json\/wp\/v2\/product"}],"about":[{"href":"https:\/\/www.arclite-shop.de\/en\/wp-json\/wp\/v2\/types\/product"}],"wp:featuredmedia":[{"embeddable":true,"href":"https:\/\/www.arclite-shop.de\/en\/wp-json\/wp\/v2\/media\/369673"}],"wp:attachment":[{"href":"https:\/\/www.arclite-shop.de\/en\/wp-json\/wp\/v2\/media?parent=341776"}],"wp:term":[{"taxonomy":"product_brand","embeddable":true,"href":"https:\/\/www.arclite-shop.de\/en\/wp-json\/wp\/v2\/product_brand?post=341776"},{"taxonomy":"product_cat","embeddable":true,"href":"https:\/\/www.arclite-shop.de\/en\/wp-json\/wp\/v2\/product_cat?post=341776"},{"taxonomy":"product_tag","embeddable":true,"href":"https:\/\/www.arclite-shop.de\/en\/wp-json\/wp\/v2\/product_tag?post=341776"}],"curies":[{"name":"wp","href":"https:\/\/api.w.org\/{rel}","templated":true}]}}