{"id":341775,"date":"2024-10-31T10:26:22","date_gmt":"2024-10-31T09:26:22","guid":{"rendered":"https:\/\/www.arclite-shop.de\/produkt\/597-xtsa-71-1\/"},"modified":"2026-04-18T17:48:32","modified_gmt":"2026-04-18T15:48:32","slug":"597-xtsa-71-1","status":"publish","type":"product","link":"https:\/\/www.arclite-shop.de\/en\/produkt\/597-xtsa-71-1\/","title":{"rendered":"GLOBAL Trac Pro FIX-Point Recessed Pot Recessed Socket for FIX-Point GA 70, 50N, up to Ceiling Thickness 30mm, for \u00d8 105 - 125 mm - grey XTSA 71-1"},"content":{"rendered":"<p>GLOBAL Trac Pro FIX-point Deckeneinbaudose f\u00fcr FIX-point, 50N, bis Deckenst\u00e4rke 30mm grau <\/p>\n","protected":false},"excerpt":{"rendered":"<p>GLOBAL Trac Pro FIX-point Deckeneinbaudose f\u00fcr FIX-point, 50N, bis Deckenst\u00e4rke 30mm grau<\/p>\n","protected":false},"featured_media":369679,"template":"","meta":[],"product_brand":[],"product_cat":[84591],"product_tag":[],"class_list":{"0":"post-341775","1":"product","2":"type-product","3":"status-publish","4":"has-post-thumbnail","6":"product_cat-mechanisches-zubehoer-ersatzteile-fuer-leuchten","8":"first","9":"instock","10":"taxable","11":"shipping-taxable","12":"product-type-simple"},"_links":{"self":[{"href":"https:\/\/www.arclite-shop.de\/en\/wp-json\/wp\/v2\/product\/341775","targetHints":{"allow":["GET"]}}],"collection":[{"href":"https:\/\/www.arclite-shop.de\/en\/wp-json\/wp\/v2\/product"}],"about":[{"href":"https:\/\/www.arclite-shop.de\/en\/wp-json\/wp\/v2\/types\/product"}],"wp:featuredmedia":[{"embeddable":true,"href":"https:\/\/www.arclite-shop.de\/en\/wp-json\/wp\/v2\/media\/369679"}],"wp:attachment":[{"href":"https:\/\/www.arclite-shop.de\/en\/wp-json\/wp\/v2\/media?parent=341775"}],"wp:term":[{"taxonomy":"product_brand","embeddable":true,"href":"https:\/\/www.arclite-shop.de\/en\/wp-json\/wp\/v2\/product_brand?post=341775"},{"taxonomy":"product_cat","embeddable":true,"href":"https:\/\/www.arclite-shop.de\/en\/wp-json\/wp\/v2\/product_cat?post=341775"},{"taxonomy":"product_tag","embeddable":true,"href":"https:\/\/www.arclite-shop.de\/en\/wp-json\/wp\/v2\/product_tag?post=341775"}],"curies":[{"name":"wp","href":"https:\/\/api.w.org\/{rel}","templated":true}]}}