{"id":341748,"date":"2024-10-31T10:26:04","date_gmt":"2024-10-31T09:26:04","guid":{"rendered":"https:\/\/www.arclite-shop.de\/produkt\/597-xts-39-3\/"},"modified":"2026-04-28T12:10:35","modified_gmt":"2026-04-28T10:10:35","slug":"597-xts-39-3","status":"publish","type":"product","link":"https:\/\/www.arclite-shop.de\/en\/produkt\/597-xts-39-3\/","title":{"rendered":"GLOBAL Trac Pro T-connector for 3-phase surface-mounted rail, protective conductor outside, left, with power supply option white XTS 39-3"},"content":{"rendered":"<p>GLOBAL Trac Pro T-Verbinder f\u00fcr 3-Phasen Aufbauschiene, Schutzleiter au\u00dfen, links, mit Einspeisem\u00f6glichkeit weiss<\/p>\n","protected":false},"excerpt":{"rendered":"<p>GLOBAL Trac Pro T-Verbinder f\u00fcr 3-Phasen Aufbauschiene, Schutzleiter au\u00dfen, links, mit Einspeisem\u00f6glichkeit weiss<\/p>\n","protected":false},"featured_media":369721,"template":"","meta":[],"product_brand":[],"product_cat":[84574],"product_tag":[],"class_list":{"0":"post-341748","1":"product","2":"type-product","3":"status-publish","4":"has-post-thumbnail","6":"product_cat-elektrisches-zubehoer-ersatzteile-fuer-leuchten","8":"first","9":"instock","10":"taxable","11":"shipping-taxable","12":"product-type-simple"},"_links":{"self":[{"href":"https:\/\/www.arclite-shop.de\/en\/wp-json\/wp\/v2\/product\/341748","targetHints":{"allow":["GET"]}}],"collection":[{"href":"https:\/\/www.arclite-shop.de\/en\/wp-json\/wp\/v2\/product"}],"about":[{"href":"https:\/\/www.arclite-shop.de\/en\/wp-json\/wp\/v2\/types\/product"}],"wp:featuredmedia":[{"embeddable":true,"href":"https:\/\/www.arclite-shop.de\/en\/wp-json\/wp\/v2\/media\/369721"}],"wp:attachment":[{"href":"https:\/\/www.arclite-shop.de\/en\/wp-json\/wp\/v2\/media?parent=341748"}],"wp:term":[{"taxonomy":"product_brand","embeddable":true,"href":"https:\/\/www.arclite-shop.de\/en\/wp-json\/wp\/v2\/product_brand?post=341748"},{"taxonomy":"product_cat","embeddable":true,"href":"https:\/\/www.arclite-shop.de\/en\/wp-json\/wp\/v2\/product_cat?post=341748"},{"taxonomy":"product_tag","embeddable":true,"href":"https:\/\/www.arclite-shop.de\/en\/wp-json\/wp\/v2\/product_tag?post=341748"}],"curies":[{"name":"wp","href":"https:\/\/api.w.org\/{rel}","templated":true}]}}