{"id":341746,"date":"2024-10-31T10:26:03","date_gmt":"2024-10-31T09:26:03","guid":{"rendered":"https:\/\/www.arclite-shop.de\/produkt\/597-xts-39-2\/"},"modified":"2026-04-18T17:50:18","modified_gmt":"2026-04-18T15:50:18","slug":"597-xts-39-2","status":"publish","type":"product","link":"https:\/\/www.arclite-shop.de\/en\/produkt\/597-xts-39-2\/","title":{"rendered":"GLOBAL Trac Pro T-Connector for 3-phase surface-mounted rail, protective conductor outside, left, with power supply option - black XTS 39-2"},"content":{"rendered":"<p>GLOBAL Trac Pro T-Verbinder f\u00fcr 3-Phasen Aufbauschiene, Schutzleiter au\u00dfen, links, mit Einspeisem\u00f6glichkeit schwarz<\/p>\n","protected":false},"excerpt":{"rendered":"<p>GLOBAL Trac Pro T-Verbinder f\u00fcr 3-Phasen Aufbauschiene, Schutzleiter au\u00dfen, links, mit Einspeisem\u00f6glichkeit schwarz<\/p>\n","protected":false},"featured_media":369717,"template":"","meta":[],"product_brand":[],"product_cat":[84574],"product_tag":[],"class_list":{"0":"post-341746","1":"product","2":"type-product","3":"status-publish","4":"has-post-thumbnail","6":"product_cat-elektrisches-zubehoer-ersatzteile-fuer-leuchten","8":"first","9":"instock","10":"taxable","11":"shipping-taxable","12":"product-type-simple"},"_links":{"self":[{"href":"https:\/\/www.arclite-shop.de\/en\/wp-json\/wp\/v2\/product\/341746","targetHints":{"allow":["GET"]}}],"collection":[{"href":"https:\/\/www.arclite-shop.de\/en\/wp-json\/wp\/v2\/product"}],"about":[{"href":"https:\/\/www.arclite-shop.de\/en\/wp-json\/wp\/v2\/types\/product"}],"wp:featuredmedia":[{"embeddable":true,"href":"https:\/\/www.arclite-shop.de\/en\/wp-json\/wp\/v2\/media\/369717"}],"wp:attachment":[{"href":"https:\/\/www.arclite-shop.de\/en\/wp-json\/wp\/v2\/media?parent=341746"}],"wp:term":[{"taxonomy":"product_brand","embeddable":true,"href":"https:\/\/www.arclite-shop.de\/en\/wp-json\/wp\/v2\/product_brand?post=341746"},{"taxonomy":"product_cat","embeddable":true,"href":"https:\/\/www.arclite-shop.de\/en\/wp-json\/wp\/v2\/product_cat?post=341746"},{"taxonomy":"product_tag","embeddable":true,"href":"https:\/\/www.arclite-shop.de\/en\/wp-json\/wp\/v2\/product_tag?post=341746"}],"curies":[{"name":"wp","href":"https:\/\/api.w.org\/{rel}","templated":true}]}}