{"id":341569,"date":"2024-10-31T10:24:08","date_gmt":"2024-10-31T09:24:08","guid":{"rendered":"https:\/\/www.arclite-shop.de\/produkt\/514-hln-60h-54a\/"},"modified":"2026-04-18T18:03:33","modified_gmt":"2026-04-18T16:03:33","slug":"514-hln-60h-54a","status":"publish","type":"product","link":"https:\/\/www.arclite-shop.de\/en\/produkt\/514-hln-60h-54a\/","title":{"rendered":"MEAN WELL LED Driver Constant Voltage HLN 90-305V AC 127-431V DC\/  W 54V\/1150mA  HLN-60H-54A"},"content":{"rendered":"<p>LED Netzteil, Kunststoffgeh\u00e4use, Leistung 62W, Eingangsspannung 90-305V AC; 127-431V DC. Konstantspannung 54V\/1, 15A. IP64. Ausgangsspannung und Strombegrenzung \u00fcber internes Potentiometer einstellbar, \u00dcberlastungsschutz, Kurzschlusssschutz, \u00dcbertemperaturschutz.<\/p>\n","protected":false},"excerpt":{"rendered":"<p>LED Netzteil, Kunststoffgeh\u00e4use, Leistung 62W, Eingangsspannung 90-305V AC; 127-431V DC. Konstantspannung 54V\/1, 15A. IP64. Ausgangsspannung und Strombegrenzung \u00fcber internes Potentiometer einstellbar, \u00dcberlastungsschutz, Kurzschlusssschutz, \u00dcbertemperaturschutz.<\/p>\n","protected":false},"featured_media":369811,"template":"","meta":[],"product_brand":[],"product_cat":[84631],"product_tag":[],"class_list":{"0":"post-341569","1":"product","2":"type-product","3":"status-publish","4":"has-post-thumbnail","6":"product_cat-led-betriebsgeraet","8":"first","9":"instock","10":"taxable","11":"shipping-taxable","12":"product-type-simple"},"_links":{"self":[{"href":"https:\/\/www.arclite-shop.de\/en\/wp-json\/wp\/v2\/product\/341569","targetHints":{"allow":["GET"]}}],"collection":[{"href":"https:\/\/www.arclite-shop.de\/en\/wp-json\/wp\/v2\/product"}],"about":[{"href":"https:\/\/www.arclite-shop.de\/en\/wp-json\/wp\/v2\/types\/product"}],"wp:featuredmedia":[{"embeddable":true,"href":"https:\/\/www.arclite-shop.de\/en\/wp-json\/wp\/v2\/media\/369811"}],"wp:attachment":[{"href":"https:\/\/www.arclite-shop.de\/en\/wp-json\/wp\/v2\/media?parent=341569"}],"wp:term":[{"taxonomy":"product_brand","embeddable":true,"href":"https:\/\/www.arclite-shop.de\/en\/wp-json\/wp\/v2\/product_brand?post=341569"},{"taxonomy":"product_cat","embeddable":true,"href":"https:\/\/www.arclite-shop.de\/en\/wp-json\/wp\/v2\/product_cat?post=341569"},{"taxonomy":"product_tag","embeddable":true,"href":"https:\/\/www.arclite-shop.de\/en\/wp-json\/wp\/v2\/product_tag?post=341569"}],"curies":[{"name":"wp","href":"https:\/\/api.w.org\/{rel}","templated":true}]}}