{"id":341334,"date":"2024-10-31T10:21:34","date_gmt":"2024-10-31T09:21:34","guid":{"rendered":"https:\/\/www.arclite-shop.de\/produkt\/514-elg-100-24ab-3y\/"},"modified":"2026-04-18T18:19:41","modified_gmt":"2026-04-18T16:19:41","slug":"514-elg-100-24ab-3y","status":"publish","type":"product","link":"https:\/\/www.arclite-shop.de\/en\/produkt\/514-elg-100-24ab-3y\/","title":{"rendered":"MEAN WELL LED Driver Constant Voltage ELG-AB 100-305V AC, 140-430V DC\/ 12V DC 96W, 3in1 DIMMING ELG-100-24AB-3Y"},"content":{"rendered":"<p>LED Netzteil, Metallgeh\u00e4use, Leistung 96W, Eingangsspannung 100-305V AC;140-430V DC. Konstantspannungsausgang 24V. IP65, 3in1 Dimmung (Widerstand, PWM, 0-10VDC), Ausgangsspannung und Strombegrenzung \u00fcber internes Potentiometer einstellbar, \u00dcberlastungsschutz, Kurzschlusssschutz, \u00dcbertemperaturschutz.<\/p>\n","protected":false},"excerpt":{"rendered":"<p>LED Netzteil, Metallgeh\u00e4use, Leistung 96W, Eingangsspannung 100-305V AC;140-430V DC. Konstantspannungsausgang 24V. IP65, 3in1 Dimmung (Widerstand, PWM, 0-10VDC), Ausgangsspannung und Strombegrenzung \u00fcber internes Potentiometer einstellbar, \u00dcberlastungsschutz, Kurzschlusssschutz, \u00dcbertemperaturschutz.<\/p>\n","protected":false},"featured_media":369871,"template":"","meta":[],"product_brand":[],"product_cat":[84631],"product_tag":[],"class_list":{"0":"post-341334","1":"product","2":"type-product","3":"status-publish","4":"has-post-thumbnail","6":"product_cat-led-betriebsgeraet","8":"first","9":"instock","10":"taxable","11":"shipping-taxable","12":"product-type-simple"},"_links":{"self":[{"href":"https:\/\/www.arclite-shop.de\/en\/wp-json\/wp\/v2\/product\/341334","targetHints":{"allow":["GET"]}}],"collection":[{"href":"https:\/\/www.arclite-shop.de\/en\/wp-json\/wp\/v2\/product"}],"about":[{"href":"https:\/\/www.arclite-shop.de\/en\/wp-json\/wp\/v2\/types\/product"}],"wp:featuredmedia":[{"embeddable":true,"href":"https:\/\/www.arclite-shop.de\/en\/wp-json\/wp\/v2\/media\/369871"}],"wp:attachment":[{"href":"https:\/\/www.arclite-shop.de\/en\/wp-json\/wp\/v2\/media?parent=341334"}],"wp:term":[{"taxonomy":"product_brand","embeddable":true,"href":"https:\/\/www.arclite-shop.de\/en\/wp-json\/wp\/v2\/product_brand?post=341334"},{"taxonomy":"product_cat","embeddable":true,"href":"https:\/\/www.arclite-shop.de\/en\/wp-json\/wp\/v2\/product_cat?post=341334"},{"taxonomy":"product_tag","embeddable":true,"href":"https:\/\/www.arclite-shop.de\/en\/wp-json\/wp\/v2\/product_tag?post=341334"}],"curies":[{"name":"wp","href":"https:\/\/api.w.org\/{rel}","templated":true}]}}