{"id":341238,"date":"2024-10-31T10:20:33","date_gmt":"2024-10-31T09:20:33","guid":{"rendered":"https:\/\/www.arclite-shop.de\/produkt\/514-hlg-120h-48\/"},"modified":"2026-04-18T18:25:47","modified_gmt":"2026-04-18T16:25:47","slug":"514-hlg-120h-48","status":"publish","type":"product","link":"https:\/\/www.arclite-shop.de\/en\/produkt\/514-hlg-120h-48\/","title":{"rendered":"MEAN WELL LED Driver Constant Voltage HLG0-305V AC, 130-430V DC\/ 48V DC 120W HLG-120H-48"},"content":{"rendered":"<p>LED Netzteil, Metallgeh\u00e4use, Leistung 120W, Eingangsspannung 90-305V AC;130-430V DC. Konstantspannungsausgang 48V. IP67. \u00dcberlastungsschutz, Kurzschlusssschutz, \u00dcbertemperaturschutz.<\/p>\n","protected":false},"excerpt":{"rendered":"<p>LED Netzteil, Metallgeh\u00e4use, Leistung 120W, Eingangsspannung 90-305V AC;130-430V DC. Konstantspannungsausgang 48V. IP67. \u00dcberlastungsschutz, Kurzschlusssschutz, \u00dcbertemperaturschutz.<\/p>\n","protected":false},"featured_media":369945,"template":"","meta":[],"product_brand":[],"product_cat":[84631],"product_tag":[],"class_list":{"0":"post-341238","1":"product","2":"type-product","3":"status-publish","4":"has-post-thumbnail","6":"product_cat-led-betriebsgeraet","8":"first","9":"instock","10":"taxable","11":"shipping-taxable","12":"product-type-simple"},"_links":{"self":[{"href":"https:\/\/www.arclite-shop.de\/en\/wp-json\/wp\/v2\/product\/341238","targetHints":{"allow":["GET"]}}],"collection":[{"href":"https:\/\/www.arclite-shop.de\/en\/wp-json\/wp\/v2\/product"}],"about":[{"href":"https:\/\/www.arclite-shop.de\/en\/wp-json\/wp\/v2\/types\/product"}],"wp:featuredmedia":[{"embeddable":true,"href":"https:\/\/www.arclite-shop.de\/en\/wp-json\/wp\/v2\/media\/369945"}],"wp:attachment":[{"href":"https:\/\/www.arclite-shop.de\/en\/wp-json\/wp\/v2\/media?parent=341238"}],"wp:term":[{"taxonomy":"product_brand","embeddable":true,"href":"https:\/\/www.arclite-shop.de\/en\/wp-json\/wp\/v2\/product_brand?post=341238"},{"taxonomy":"product_cat","embeddable":true,"href":"https:\/\/www.arclite-shop.de\/en\/wp-json\/wp\/v2\/product_cat?post=341238"},{"taxonomy":"product_tag","embeddable":true,"href":"https:\/\/www.arclite-shop.de\/en\/wp-json\/wp\/v2\/product_tag?post=341238"}],"curies":[{"name":"wp","href":"https:\/\/api.w.org\/{rel}","templated":true}]}}